{"id":100,"date":"2024-04-27T12:00:07","date_gmt":"2024-04-27T10:00:07","guid":{"rendered":"https:\/\/mademaco.com\/index.php\/cart\/"},"modified":"2024-06-20T09:35:43","modified_gmt":"2024-06-20T07:35:43","slug":"cart","status":"publish","type":"page","link":"https:\/\/mademaco.com\/index.php\/cart\/","title":{"rendered":"Panier"},"content":{"rendered":"\n<div data-block-name=\"woocommerce\/cart\" class=\"wp-block-woocommerce-cart alignwide is-loading\">\n<div data-block-name=\"woocommerce\/filled-cart-block\" class=\"wp-block-woocommerce-filled-cart-block\">\n<div data-block-name=\"woocommerce\/cart-items-block\" class=\"wp-block-woocommerce-cart-items-block\">\n<div data-block-name=\"woocommerce\/cart-line-items-block\" class=\"wp-block-woocommerce-cart-line-items-block\"><\/div>\n\n\n\n<div data-block-name=\"woocommerce\/cart-cross-sells-block\" class=\"wp-block-woocommerce-cart-cross-sells-block\">\n<h2 class=\"wp-block-heading has-large-font-size\">You may be interested in\u2026<\/h2>\n\n\n\n<div data-block-name=\"woocommerce\/cart-cross-sells-products-block\" class=\"wp-block-woocommerce-cart-cross-sells-products-block\"><\/div>\n<\/div>\n<\/div>\n\n\n\n<div data-block-name=\"woocommerce\/cart-totals-block\" class=\"wp-block-woocommerce-cart-totals-block\">\n<div data-block-name=\"woocommerce\/cart-order-summary-block\" class=\"wp-block-woocommerce-cart-order-summary-block\">\n<div data-block-name=\"woocommerce\/cart-order-summary-heading-block\" class=\"wp-block-woocommerce-cart-order-summary-heading-block\"><\/div><div data-block-name=\"woocommerce\/cart-order-summary-coupon-form-block\" class=\"wp-block-woocommerce-cart-order-summary-coupon-form-block\"><\/div><div data-block-name=\"woocommerce\/cart-order-summary-totals-block\" class=\"wp-block-woocommerce-cart-order-summary-totals-block\">\n<div data-block-name=\"woocommerce\/cart-order-summary-subtotal-block\" class=\"wp-block-woocommerce-cart-order-summary-subtotal-block\"><\/div>\n<div data-block-name=\"woocommerce\/cart-order-summary-discount-block\" class=\"wp-block-woocommerce-cart-order-summary-discount-block\"><\/div>\n<div data-block-name=\"woocommerce\/cart-order-summary-fee-block\" class=\"wp-block-woocommerce-cart-order-summary-fee-block\"><\/div>\n<div data-block-name=\"woocommerce\/cart-order-summary-shipping-block\" class=\"wp-block-woocommerce-cart-order-summary-shipping-block\"><\/div>\n<div data-block-name=\"woocommerce\/cart-order-summary-taxes-block\" class=\"wp-block-woocommerce-cart-order-summary-taxes-block\"><\/div><\/div>\n<\/div>\n\n\n\n<div data-block-name=\"woocommerce\/cart-express-payment-block\" class=\"wp-block-woocommerce-cart-express-payment-block\"><\/div>\n\n\n\n<div data-block-name=\"woocommerce\/proceed-to-checkout-block\" class=\"wp-block-woocommerce-proceed-to-checkout-block\"><\/div>\n\n\n\n<div data-block-name=\"woocommerce\/cart-accepted-payment-methods-block\" class=\"wp-block-woocommerce-cart-accepted-payment-methods-block\"><\/div>\n<\/div>\n<\/div>\n\n\n\n<div data-block-name=\"woocommerce\/empty-cart-block\" class=\"wp-block-woocommerce-empty-cart-block\">\n<h2 class=\"wp-block-heading has-text-align-center with-empty-cart-icon wc-block-cart__empty-cart__title\">Your cart is currently empty!<\/h2>\n\n\n\n<hr class=\"wp-block-separator has-alpha-channel-opacity is-style-dots\"\/>\n\n\n\n<h2 class=\"wp-block-heading has-text-align-center\">New in store<\/h2>\n\n\n<div data-block-name=\"woocommerce\/product-new\" data-columns=\"4\" data-rows=\"1\" class=\"wc-block-grid wp-block-product-new wp-block-woocommerce-product-new wc-block-product-new has-4-columns\"><ul class=\"wc-block-grid__products\"><li class=\"wc-block-grid__product\">\n\t\t\t\t<a href=\"https:\/\/mademaco.com\/index.php\/product\/ceinture-wabi-sabi-adulte\/\" class=\"wc-block-grid__product-link\">\n\t\t\t\t\t\n\t\t\t\t\t<div class=\"wc-block-grid__product-image\"><img fetchpriority=\"high\" decoding=\"async\" width=\"324\" height=\"324\" src=\"https:\/\/mademaco.com\/wp-content\/uploads\/2025\/03\/3Ceinture-Insuline-Mademaco-324x324.jpg\" class=\"attachment-woocommerce_thumbnail size-woocommerce_thumbnail\" alt=\"Dessin d&#039;une ceinture Wabi-Sabi de pompe \u00e0 insuline pour enfants et adultes diab\u00e9tiques, imagin\u00e9es par Mademaco\" srcset=\"https:\/\/mademaco.com\/wp-content\/uploads\/2025\/03\/3Ceinture-Insuline-Mademaco-324x324.jpg 324w, https:\/\/mademaco.com\/wp-content\/uploads\/2025\/03\/3Ceinture-Insuline-Mademaco-150x150.jpg 150w, https:\/\/mademaco.com\/wp-content\/uploads\/2025\/03\/3Ceinture-Insuline-Mademaco-100x100.jpg 100w\" sizes=\"(max-width: 324px) 100vw, 324px\" \/><\/div>\n\t\t\t\t\t<div class=\"wc-block-grid__product-title\">Ceinture Wabi-Sabi Adulte<\/div>\n\t\t\t\t<\/a>\n\t\t\t\t<div class=\"wc-block-grid__product-price price\"><span class=\"woocommerce-Price-amount amount\">41,50&nbsp;<span class=\"woocommerce-Price-currencySymbol\">&euro;<\/span><\/span><\/div>\n\t\t\t\t\n\t\t\t\t<div class=\"wp-block-button wc-block-grid__product-add-to-cart\"><a href=\"https:\/\/mademaco.com\/index.php\/product\/ceinture-wabi-sabi-adulte\/\" aria-label=\"S\u00e9lectionner les options pour &ldquo;Ceinture Wabi-Sabi Adulte&rdquo;\" data-quantity=\"1\" data-product_id=\"284\" data-product_sku=\"\" data-price=\"41.5\" rel=\"nofollow\" class=\"wp-block-button__link  add_to_cart_button\">Choix des options<\/a><\/div>\n\t\t\t<\/li><li class=\"wc-block-grid__product\">\n\t\t\t\t<a href=\"https:\/\/mademaco.com\/index.php\/product\/ceinture-diabetique\/\" class=\"wc-block-grid__product-link\">\n\t\t\t\t\t\n\t\t\t\t\t<div class=\"wc-block-grid__product-image\"><img decoding=\"async\" width=\"324\" height=\"324\" src=\"https:\/\/mademaco.com\/wp-content\/uploads\/2025\/03\/CEINTURE-POMPE-WABI-SABI-01-2-324x324.jpg\" class=\"attachment-woocommerce_thumbnail size-woocommerce_thumbnail\" alt=\"Ceinture Wabi-Sabi Enfant\" srcset=\"https:\/\/mademaco.com\/wp-content\/uploads\/2025\/03\/CEINTURE-POMPE-WABI-SABI-01-2-324x324.jpg 324w, https:\/\/mademaco.com\/wp-content\/uploads\/2025\/03\/CEINTURE-POMPE-WABI-SABI-01-2-150x150.jpg 150w, https:\/\/mademaco.com\/wp-content\/uploads\/2025\/03\/CEINTURE-POMPE-WABI-SABI-01-2-100x100.jpg 100w\" sizes=\"(max-width: 324px) 100vw, 324px\" \/><\/div>\n\t\t\t\t\t<div class=\"wc-block-grid__product-title\">Ceinture Wabi-Sabi Enfant<\/div>\n\t\t\t\t<\/a>\n\t\t\t\t<div class=\"wc-block-grid__product-price price\"><span class=\"woocommerce-Price-amount amount\">37,50&nbsp;<span class=\"woocommerce-Price-currencySymbol\">&euro;<\/span><\/span><\/div>\n\t\t\t\t\n\t\t\t\t<div class=\"wp-block-button wc-block-grid__product-add-to-cart\"><a href=\"https:\/\/mademaco.com\/index.php\/product\/ceinture-diabetique\/\" aria-label=\"S\u00e9lectionner les options pour &ldquo;Ceinture Wabi-Sabi Enfant&rdquo;\" data-quantity=\"1\" data-product_id=\"266\" data-product_sku=\"\" data-price=\"37.5\" rel=\"nofollow\" class=\"wp-block-button__link  add_to_cart_button\">Choix des options<\/a><\/div>\n\t\t\t<\/li><\/ul><\/div><\/div>\n<\/div>\n","protected":false},"excerpt":{"rendered":"","protected":false},"author":1,"featured_media":0,"parent":0,"menu_order":0,"comment_status":"closed","ping_status":"closed","template":"","meta":{"footnotes":""},"class_list":["post-100","page","type-page","status-publish","hentry"],"_links":{"self":[{"href":"https:\/\/mademaco.com\/index.php\/wp-json\/wp\/v2\/pages\/100","targetHints":{"allow":["GET"]}}],"collection":[{"href":"https:\/\/mademaco.com\/index.php\/wp-json\/wp\/v2\/pages"}],"about":[{"href":"https:\/\/mademaco.com\/index.php\/wp-json\/wp\/v2\/types\/page"}],"author":[{"embeddable":true,"href":"https:\/\/mademaco.com\/index.php\/wp-json\/wp\/v2\/users\/1"}],"replies":[{"embeddable":true,"href":"https:\/\/mademaco.com\/index.php\/wp-json\/wp\/v2\/comments?post=100"}],"version-history":[{"count":1,"href":"https:\/\/mademaco.com\/index.php\/wp-json\/wp\/v2\/pages\/100\/revisions"}],"predecessor-version":[{"id":158,"href":"https:\/\/mademaco.com\/index.php\/wp-json\/wp\/v2\/pages\/100\/revisions\/158"}],"wp:attachment":[{"href":"https:\/\/mademaco.com\/index.php\/wp-json\/wp\/v2\/media?parent=100"}],"curies":[{"name":"wp","href":"https:\/\/api.w.org\/{rel}","templated":true}]}}