{"id":292,"date":"2025-03-07T09:27:39","date_gmt":"2025-03-07T08:27:39","guid":{"rendered":"https:\/\/mademaco.com\/?page_id=292"},"modified":"2026-03-12T11:08:18","modified_gmt":"2026-03-12T10:08:18","slug":"mademaco","status":"publish","type":"page","link":"https:\/\/mademaco.com\/","title":{"rendered":"Au pays du diab\u00e8te"},"content":{"rendered":"\t\t<div data-elementor-type=\"wp-page\" data-elementor-id=\"292\" class=\"elementor elementor-292\">\n\t\t\t\t<div class=\"elementor-element elementor-element-73e7b3f e-flex e-con-boxed e-con e-parent\" data-id=\"73e7b3f\" data-element_type=\"container\" data-e-type=\"container\" data-settings=\"{&quot;background_background&quot;:&quot;classic&quot;}\">\n\t\t\t\t\t<div class=\"e-con-inner\">\n\t\t\t\t<div class=\"elementor-element elementor-element-74a0858 elementor-widget elementor-widget-text-editor\" data-id=\"74a0858\" data-element_type=\"widget\" data-e-type=\"widget\" data-widget_type=\"text-editor.default\">\n\t\t\t\t<div class=\"elementor-widget-container\">\n\t\t\t\t\t\t\t\t\t<p>MADEMACO est la nouvelle marque \u00e0 votre \u00e9coute pour mettre en image et confectionner vos services ou produits au profit du bien vivre avec le diab\u00e8te.<\/p>\t\t\t\t\t\t\t\t<\/div>\n\t\t\t\t<\/div>\n\t\t\t\t\t<\/div>\n\t\t\t\t<\/div>\n\t\t<div class=\"elementor-element elementor-element-8195f1d e-con-full e-flex e-con e-parent\" data-id=\"8195f1d\" data-element_type=\"container\" data-e-type=\"container\">\n\t\t<div class=\"elementor-element elementor-element-1411dd3 e-con-full e-flex e-con e-child\" data-id=\"1411dd3\" data-element_type=\"container\" data-e-type=\"container\">\n\t\t\t\t<div class=\"elementor-element elementor-element-464df8f elementor-widget elementor-widget-heading\" data-id=\"464df8f\" data-element_type=\"widget\" data-e-type=\"widget\" data-widget_type=\"heading.default\">\n\t\t\t\t<div class=\"elementor-widget-container\">\n\t\t\t\t\t<h1 class=\"elementor-heading-title elementor-size-default\">NOTRE BUT : FAIRE RIMER DIAB\u00c8TE AVEC F\u00caTE !<\/h1>\t\t\t\t<\/div>\n\t\t\t\t<\/div>\n\t\t\t\t<div class=\"elementor-element elementor-element-2fa1ce0 elementor-widget elementor-widget-text-editor\" data-id=\"2fa1ce0\" data-element_type=\"widget\" data-e-type=\"widget\" data-widget_type=\"text-editor.default\">\n\t\t\t\t<div class=\"elementor-widget-container\">\n\t\t\t\t\t\t\t\t\t<p>Quand une maman designer et une mamie couturi\u00e8re associent leurs talents pour mettre de la couleur dans le quotidien des familles d\u2019enfants diab\u00e9tiques.<\/p>\t\t\t\t\t\t\t\t<\/div>\n\t\t\t\t<\/div>\n\t\t\t\t<div class=\"elementor-element elementor-element-9427e13 elementor-align-center elementor-widget elementor-widget-button\" data-id=\"9427e13\" data-element_type=\"widget\" data-e-type=\"widget\" data-widget_type=\"button.default\">\n\t\t\t\t<div class=\"elementor-widget-container\">\n\t\t\t\t\t\t\t\t\t<div class=\"elementor-button-wrapper\">\n\t\t\t\t\t<a class=\"elementor-button elementor-button-link elementor-size-sm\" href=\"https:\/\/mademaco.com\/index.php\/shop\/\">\n\t\t\t\t\t\t<span class=\"elementor-button-content-wrapper\">\n\t\t\t\t\t\t\t\t\t<span class=\"elementor-button-text\">Commander une ceinture<\/span>\n\t\t\t\t\t<\/span>\n\t\t\t\t\t<\/a>\n\t\t\t\t<\/div>\n\t\t\t\t\t\t\t\t<\/div>\n\t\t\t\t<\/div>\n\t\t\t\t<\/div>\n\t\t\t\t<div class=\"elementor-element elementor-element-d3214d2 elementor-widget elementor-widget-image\" data-id=\"d3214d2\" data-element_type=\"widget\" data-e-type=\"widget\" data-widget_type=\"image.default\">\n\t\t\t\t<div class=\"elementor-widget-container\">\n\t\t\t\t\t\t\t\t\t\t\t\t<figure class=\"wp-caption\">\n\t\t\t\t\t\t\t\t\t\t<img fetchpriority=\"high\" decoding=\"async\" width=\"420\" height=\"468\" src=\"https:\/\/mademaco.com\/wp-content\/uploads\/2025\/03\/Mathis-et-Antonin-enfants-diabetiques-de-Mademaco.jpg\" class=\"attachment-large size-large wp-image-374\" alt=\"Mathis et Antonin, enfants diab\u00e9tiques de Sabine, designer de Mademaco\" srcset=\"https:\/\/mademaco.com\/wp-content\/uploads\/2025\/03\/Mathis-et-Antonin-enfants-diabetiques-de-Mademaco.jpg 420w, https:\/\/mademaco.com\/wp-content\/uploads\/2025\/03\/Mathis-et-Antonin-enfants-diabetiques-de-Mademaco-269x300.jpg 269w, https:\/\/mademaco.com\/wp-content\/uploads\/2025\/03\/Mathis-et-Antonin-enfants-diabetiques-de-Mademaco-416x464.jpg 416w\" sizes=\"(max-width: 420px) 100vw, 420px\" \/>\t\t\t\t\t\t\t\t\t\t\t<figcaption class=\"widget-image-caption wp-caption-text\">Notre source d'inspiration : Mathis et Antonin<\/figcaption>\n\t\t\t\t\t\t\t\t\t\t<\/figure>\n\t\t\t\t\t\t\t\t\t<\/div>\n\t\t\t\t<\/div>\n\t\t\t\t<\/div>\n\t\t<div class=\"elementor-element elementor-element-61e5a01 e-flex e-con-boxed e-con e-parent\" data-id=\"61e5a01\" data-element_type=\"container\" data-e-type=\"container\" data-settings=\"{&quot;background_background&quot;:&quot;classic&quot;}\">\n\t\t\t\t\t<div class=\"e-con-inner\">\n\t\t\t\t<div class=\"elementor-element elementor-element-6901880 elementor-widget elementor-widget-text-editor\" data-id=\"6901880\" data-element_type=\"widget\" data-e-type=\"widget\" data-widget_type=\"text-editor.default\">\n\t\t\t\t<div class=\"elementor-widget-container\">\n\t\t\t\t\t\t\t\t\t<p>Retrouvez conseils, astuces et outils \u00e0 t\u00e9l\u00e9charger sur la gestion du diab\u00e8te de votre enfant sur <a href=\"https:\/\/mamandesignerdunenfantdiabetique.com\/\">Maman Designer de 2 Ados Diab\u00e9tiques.<\/a><\/p>\t\t\t\t\t\t\t\t<\/div>\n\t\t\t\t<\/div>\n\t\t\t\t\t<\/div>\n\t\t\t\t<\/div>\n\t\t<div class=\"elementor-element elementor-element-d077ba4 e-grid e-con-full e-con e-parent\" data-id=\"d077ba4\" data-element_type=\"container\" data-e-type=\"container\">\n\t\t\t\t<div class=\"elementor-element elementor-element-1f288a9 elementor-widget elementor-widget-image\" data-id=\"1f288a9\" data-element_type=\"widget\" data-e-type=\"widget\" data-widget_type=\"image.default\">\n\t\t\t\t<div class=\"elementor-widget-container\">\n\t\t\t\t\t\t\t\t\t\t\t\t\t\t\t<img decoding=\"async\" width=\"800\" height=\"759\" src=\"https:\/\/mademaco.com\/wp-content\/uploads\/2025\/03\/Rogyane-Made-couturiere-de-mademaco.jpg\" class=\"attachment-large size-large wp-image-306\" alt=\"Rogyane Boucher, couturi\u00e8re de Mademaco\" srcset=\"https:\/\/mademaco.com\/wp-content\/uploads\/2025\/03\/Rogyane-Made-couturiere-de-mademaco.jpg 800w, https:\/\/mademaco.com\/wp-content\/uploads\/2025\/03\/Rogyane-Made-couturiere-de-mademaco-300x285.jpg 300w, https:\/\/mademaco.com\/wp-content\/uploads\/2025\/03\/Rogyane-Made-couturiere-de-mademaco-768x729.jpg 768w, https:\/\/mademaco.com\/wp-content\/uploads\/2025\/03\/Rogyane-Made-couturiere-de-mademaco-416x395.jpg 416w\" sizes=\"(max-width: 800px) 100vw, 800px\" \/>\t\t\t\t\t\t\t\t\t\t\t\t\t\t\t<\/div>\n\t\t\t\t<\/div>\n\t\t\t\t<div class=\"elementor-element elementor-element-c857cf5 elementor-widget elementor-widget-image\" data-id=\"c857cf5\" data-element_type=\"widget\" data-e-type=\"widget\" data-widget_type=\"image.default\">\n\t\t\t\t<div class=\"elementor-widget-container\">\n\t\t\t\t\t\t\t\t\t\t\t\t\t\t\t<img decoding=\"async\" width=\"800\" height=\"759\" src=\"https:\/\/mademaco.com\/wp-content\/uploads\/2025\/03\/Sabine-Maco-Mademaco.jpg\" class=\"attachment-large size-large wp-image-307\" alt=\"Sabine Bertrand, cr\u00e9atrice designer de Mademaco\" srcset=\"https:\/\/mademaco.com\/wp-content\/uploads\/2025\/03\/Sabine-Maco-Mademaco.jpg 800w, https:\/\/mademaco.com\/wp-content\/uploads\/2025\/03\/Sabine-Maco-Mademaco-300x285.jpg 300w, https:\/\/mademaco.com\/wp-content\/uploads\/2025\/03\/Sabine-Maco-Mademaco-768x729.jpg 768w, https:\/\/mademaco.com\/wp-content\/uploads\/2025\/03\/Sabine-Maco-Mademaco-416x395.jpg 416w\" sizes=\"(max-width: 800px) 100vw, 800px\" \/>\t\t\t\t\t\t\t\t\t\t\t\t\t\t\t<\/div>\n\t\t\t\t<\/div>\n\t\t\t\t<\/div>\n\t\t<div class=\"elementor-element elementor-element-653e8c6 e-flex e-con-boxed e-con e-parent\" data-id=\"653e8c6\" data-element_type=\"container\" data-e-type=\"container\">\n\t\t\t\t\t<div class=\"e-con-inner\">\n\t\t\t\t<div class=\"elementor-element elementor-element-366bc22 elementor-widget elementor-widget-text-editor\" data-id=\"366bc22\" data-element_type=\"widget\" data-e-type=\"widget\" data-widget_type=\"text-editor.default\">\n\t\t\t\t<div class=\"elementor-widget-container\">\n\t\t\t\t\t\t\t\t\t<p>Notre complicit\u00e9 comme cl\u00e9 de Mademaco !<br \/>Travailler ensemble pour combiner nos pratiques et offrir de la joie et les bonnes ondes n\u00e9cessaires pour assurer dans la gestion du diab\u00e8te. MADEMACO est avant tout une marque familiale. L\u2019entraide, le soutien et la joie de vivre nous guident dans cette belle aventure.<\/p>\t\t\t\t\t\t\t\t<\/div>\n\t\t\t\t<\/div>\n\t\t\t\t\t<\/div>\n\t\t\t\t<\/div>\n\t\t<div class=\"elementor-element elementor-element-c6a9c33 e-flex e-con-boxed e-con e-parent\" data-id=\"c6a9c33\" data-element_type=\"container\" data-e-type=\"container\">\n\t\t\t\t\t<div class=\"e-con-inner\">\n\t\t<div class=\"elementor-element elementor-element-b8db785 e-con-full e-flex e-con e-child\" data-id=\"b8db785\" data-element_type=\"container\" data-e-type=\"container\">\n\t\t\t\t<div class=\"elementor-element elementor-element-8926d01 elementor-widget elementor-widget-text-editor\" data-id=\"8926d01\" data-element_type=\"widget\" data-e-type=\"widget\" data-widget_type=\"text-editor.default\">\n\t\t\t\t<div class=\"elementor-widget-container\">\n\t\t\t\t\t\t\t\t\t<h3>Vous avez des id\u00e9es plein les tiroirs mais il vous manque :<\/h3><ul><li>Le temps pour les mettre en \u0153uvre ?<\/li><li>Les comp\u00e9tences cr\u00e9atives pour les repr\u00e9senter ?<\/li><li>L&rsquo;expertise pour les mat\u00e9rialiser ?<\/li><\/ul><p>Vous avez une id\u00e9e et souhaitez mettre de la magie dans celle-ci : Sabine est l\u00e0 pour vous guider, cr\u00e9er et communiquer sur celle-ci aupr\u00e8s de vos patients. Vous avez besoin d\u2019une couturi\u00e8re, Rogyane est l\u00e0 pour d\u00e9gainer fils, tissus et patrons pour donner vie \u00e0 vos accessoires. Vous avez une id\u00e9e qui demande \u00e0 \u00eatre affin\u00e9e et confectionn\u00e9e, le duo est pr\u00eat \u00e0 vous accompagner dans cette belle aventure.<\/p>\t\t\t\t\t\t\t\t<\/div>\n\t\t\t\t<\/div>\n\t\t\t\t<\/div>\n\t\t<div class=\"elementor-element elementor-element-49e14fb e-con-full e-flex e-con e-child\" data-id=\"49e14fb\" data-element_type=\"container\" data-e-type=\"container\">\n\t\t\t\t<div class=\"elementor-element elementor-element-56c7efa elementor-widget elementor-widget-image\" data-id=\"56c7efa\" data-element_type=\"widget\" data-e-type=\"widget\" data-widget_type=\"image.default\">\n\t\t\t\t<div class=\"elementor-widget-container\">\n\t\t\t\t\t\t\t\t\t\t\t\t\t\t\t<img loading=\"lazy\" decoding=\"async\" width=\"800\" height=\"759\" src=\"https:\/\/mademaco.com\/wp-content\/uploads\/2025\/03\/Les-projets-de-mademaco.jpg\" class=\"attachment-large size-large wp-image-311\" alt=\"Illustration de Sabine Bertrand pour le site de Mademaco : les projets de Sabine et Rogyane, respectivement Made et Maco\" srcset=\"https:\/\/mademaco.com\/wp-content\/uploads\/2025\/03\/Les-projets-de-mademaco.jpg 800w, https:\/\/mademaco.com\/wp-content\/uploads\/2025\/03\/Les-projets-de-mademaco-300x285.jpg 300w, https:\/\/mademaco.com\/wp-content\/uploads\/2025\/03\/Les-projets-de-mademaco-768x729.jpg 768w, https:\/\/mademaco.com\/wp-content\/uploads\/2025\/03\/Les-projets-de-mademaco-416x395.jpg 416w\" sizes=\"(max-width: 800px) 100vw, 800px\" \/>\t\t\t\t\t\t\t\t\t\t\t\t\t\t\t<\/div>\n\t\t\t\t<\/div>\n\t\t\t\t<\/div>\n\t\t\t\t\t<\/div>\n\t\t\t\t<\/div>\n\t\t<div class=\"elementor-element elementor-element-03ba47d e-grid e-con-boxed e-con e-parent\" data-id=\"03ba47d\" data-element_type=\"container\" data-e-type=\"container\">\n\t\t\t\t\t<div class=\"e-con-inner\">\n\t\t\t\t<div class=\"elementor-element elementor-element-35f42db elementor-align-center elementor-widget elementor-widget-button\" data-id=\"35f42db\" data-element_type=\"widget\" data-e-type=\"widget\" data-widget_type=\"button.default\">\n\t\t\t\t<div class=\"elementor-widget-container\">\n\t\t\t\t\t\t\t\t\t<div class=\"elementor-button-wrapper\">\n\t\t\t\t\t<a class=\"elementor-button elementor-button-link elementor-size-sm\" href=\"http:\/\/mademaco.com\/wp-content\/uploads\/2024\/03\/flyer-MADEMACO-MAJ-17032024.pdf\" target=\"_blank\" rel=\"nofollow\" plaquette=\"\">\n\t\t\t\t\t\t<span class=\"elementor-button-content-wrapper\">\n\t\t\t\t\t\t\t\t\t<span class=\"elementor-button-text\">VOIR NOTRE PLAQUETTE<\/span>\n\t\t\t\t\t<\/span>\n\t\t\t\t\t<\/a>\n\t\t\t\t<\/div>\n\t\t\t\t\t\t\t\t<\/div>\n\t\t\t\t<\/div>\n\t\t\t\t<div class=\"elementor-element elementor-element-b370a50 elementor-align-center elementor-widget elementor-widget-button\" data-id=\"b370a50\" data-element_type=\"widget\" data-e-type=\"widget\" data-widget_type=\"button.default\">\n\t\t\t\t<div class=\"elementor-widget-container\">\n\t\t\t\t\t\t\t\t\t<div class=\"elementor-button-wrapper\">\n\t\t\t\t\t<a class=\"elementor-button elementor-button-link elementor-size-sm\" href=\"https:\/\/mademaco.com\/index.php\/contacter-mademaco\/\">\n\t\t\t\t\t\t<span class=\"elementor-button-content-wrapper\">\n\t\t\t\t\t\t\t\t\t<span class=\"elementor-button-text\">CONTACTER MADEMACO<\/span>\n\t\t\t\t\t<\/span>\n\t\t\t\t\t<\/a>\n\t\t\t\t<\/div>\n\t\t\t\t\t\t\t\t<\/div>\n\t\t\t\t<\/div>\n\t\t\t\t\t<\/div>\n\t\t\t\t<\/div>\n\t\t\t\t<\/div>\n\t\t","protected":false},"excerpt":{"rendered":"<p>MADEMACO est la nouvelle marque \u00e0 votre \u00e9coute pour mettre en image et confectionner vos services ou produits au profit du bien vivre avec le diab\u00e8te. NOTRE BUT : FAIRE RIMER DIAB\u00c8TE AVEC F\u00caTE ! Quand une maman designer et une mamie couturi\u00e8re associent leurs talents pour mettre de la couleur dans le quotidien des [&hellip;]<\/p>\n","protected":false},"author":3,"featured_media":0,"parent":0,"menu_order":0,"comment_status":"closed","ping_status":"closed","template":"","meta":{"footnotes":""},"class_list":["post-292","page","type-page","status-publish","hentry"],"_links":{"self":[{"href":"https:\/\/mademaco.com\/index.php\/wp-json\/wp\/v2\/pages\/292","targetHints":{"allow":["GET"]}}],"collection":[{"href":"https:\/\/mademaco.com\/index.php\/wp-json\/wp\/v2\/pages"}],"about":[{"href":"https:\/\/mademaco.com\/index.php\/wp-json\/wp\/v2\/types\/page"}],"author":[{"embeddable":true,"href":"https:\/\/mademaco.com\/index.php\/wp-json\/wp\/v2\/users\/3"}],"replies":[{"embeddable":true,"href":"https:\/\/mademaco.com\/index.php\/wp-json\/wp\/v2\/comments?post=292"}],"version-history":[{"count":54,"href":"https:\/\/mademaco.com\/index.php\/wp-json\/wp\/v2\/pages\/292\/revisions"}],"predecessor-version":[{"id":487,"href":"https:\/\/mademaco.com\/index.php\/wp-json\/wp\/v2\/pages\/292\/revisions\/487"}],"wp:attachment":[{"href":"https:\/\/mademaco.com\/index.php\/wp-json\/wp\/v2\/media?parent=292"}],"curies":[{"name":"wp","href":"https:\/\/api.w.org\/{rel}","templated":true}]}}