{"id":3,"date":"2024-02-21T10:51:13","date_gmt":"2024-02-21T09:51:13","guid":{"rendered":"http:\/\/mademaco.com\/?page_id=3"},"modified":"2025-03-07T10:26:59","modified_gmt":"2025-03-07T09:26:59","slug":"politique-de-confidentialite","status":"publish","type":"page","link":"https:\/\/mademaco.com\/index.php\/politique-de-confidentialite\/","title":{"rendered":"Mentions l\u00e9gales et Politique de confidentialit\u00e9"},"content":{"rendered":"\n<h2 class=\"wp-block-heading\">Qui sommes-nous&nbsp;?<\/h2>\n\n\n\n<p>L\u2019adresse de notre site est&nbsp;: https:\/\/mademaco.com<\/p>\n\n\n\n<p>En vertu de l\u2019article 6 de la loi n\u00b0 2004-575 du 21 juin 2004 pour la confiance dans l\u2019\u00e9conomie num\u00e9rique, il est pr\u00e9cis\u00e9 aux utilisateurs du site de MADEMACO l\u2019identit\u00e9 des diff\u00e9rents intervenants dans le cadre de sa r\u00e9alisation et de son suivi :<\/p>\n\n\n\n<ul class=\"wp-block-list\">\n<li>Propri\u00e9taire du site : Sabine Bertrand \u2013 sabine@madamecrea.fr<\/li>\n\n\n\n<li>Responsable de publication : Sabine Bertrand \u2013 sabine@madamecrea.fr<\/li>\n\n\n\n<li>H\u00e9bergement du site : ovh, 2, rue Kellermann 59100 Roubaix<\/li>\n\n\n\n<li>Cr\u00e9ation du site : Sabine Bertrand<\/li>\n<\/ul>\n\n\n\n<h2 class=\"wp-block-heading\">Images du site<\/h2>\n\n\n\n<p>Toutes les images du site sont issues de la biblioth\u00e8que personnelle de Sabine Bertrand. Elles ne sauraient \u00eatre utilis\u00e9es ou diffus\u00e9es sans en demander l&rsquo;autorisation \u00e0 Sabine Bertrand.<\/p>\n\n\n\n<h2 class=\"wp-block-heading\">Responsabilit\u00e9s<\/h2>\n\n\n\n<p>L\u2019ensemble des informations accessibles via ce site sont fournies en l\u2019\u00e9tat. Sabine Bertrand ne donne aucune garantie, explicite ou implicite, et n\u2019assume aucune responsabilit\u00e9 qui pourrait r\u00e9sulter de l\u2019acc\u00e8s ou de l\u2019utilisation de ce site incluant toutes d\u00e9t\u00e9riorations ou virus qui pourraient infecter l\u2019\u00e9quipement informatique ou tout autre bien de l\u2019utilisateur.<\/p>\n\n\n\n<p>Sabine Bertrand n&rsquo;est responsablesni de l\u2019exactitude, ni des erreurs, ni des omissions contenues sur ce site. <strong>L\u2019utilisateur est seul responsable de l\u2019utilisation de telles informations.<\/strong><\/p>\n\n\n\n<p>Les <strong>sites ext\u00e9rieurs \u00e0 celui de MADEMACO<\/strong> ayant un lien hypertexte avec le pr\u00e9sent site ne sont pas sous contr\u00f4le de Sabine Bertrand qui d\u00e9cline par cons\u00e9quent toute responsabilit\u00e9 quant \u00e0 leur contenu. Ces liens vers d\u2019autres sites ne constituent, en aucun cas, une approbation ou un partenariat entre Sabine Bertrand et ces sites, ceux-l\u00e0 \u00e9tant soumis \u00e0 leurs propres conditions d\u2019utilisation et politiques de protection de la vie priv\u00e9e.<\/p>\n\n\n\n<h2 class=\"wp-block-heading\">Cookies<\/h2>\n\n\n\n<p>Le site de MADEMACO utilise des cookies, de petits fichiers texte qui sont plac\u00e9s sur votre ordinateur pour nous aider \u00e0 fournir une meilleure exp\u00e9rience utilisateur. Les cookies sont utilis\u00e9es sur notre site pour fournir des donn\u00e9es de suivi anonymes \u00e0 une application tierce. En r\u00e8gle g\u00e9n\u00e9rale, les cookies am\u00e9lioreront votre exp\u00e9rience de navigation. Cependant, vous pouvez d\u00e9sactiver les cookies sur ce site en d\u00e9sactivant les cookies dans votre navigateur. Le refus d\u2019installation d\u2019un cookie peut entra\u00eener l\u2019impossibilit\u00e9 d\u2019acc\u00e9der \u00e0 certains services. Vous pouvez toutefois configurer votre navigateur pour refuser l\u2019installation des cookies<\/p>\n\n\n\n<p>Si vous d\u00e9posez un commentaire sur notre site, il vous sera propos\u00e9 d\u2019enregistrer votre nom, adresse e-mail et site dans des cookies. C\u2019est uniquement pour votre confort afin de ne pas avoir \u00e0 saisir ces informations si vous d\u00e9posez un autre commentaire plus tard. Ces cookies expirent au bout d\u2019un an.<\/p>\n\n\n\n<p>Si vous vous rendez sur la page de connexion, un cookie temporaire sera cr\u00e9\u00e9 afin de d\u00e9terminer si votre navigateur accepte les cookies. Il ne contient pas de donn\u00e9es personnelles et sera supprim\u00e9 automatiquement \u00e0 la fermeture de votre navigateur.<\/p>\n\n\n\n<p>Lorsque vous vous connecterez, nous mettrons en place un certain nombre de cookies pour enregistrer vos informations de connexion et vos pr\u00e9f\u00e9rences d\u2019\u00e9cran. La dur\u00e9e de vie d\u2019un cookie de connexion est de deux jours, celle d\u2019un cookie d\u2019option d\u2019\u00e9cran est d\u2019un an. Si vous cochez \u00ab&nbsp;Se souvenir de moi&nbsp;\u00bb, votre cookie de connexion sera conserv\u00e9 pendant deux semaines. Si vous vous d\u00e9connectez de votre compte, le cookie de connexion sera effac\u00e9.<\/p>\n\n\n\n<p>En modifiant ou en publiant une publication, un cookie suppl\u00e9mentaire sera enregistr\u00e9 dans votre navigateur. Ce cookie ne comprend aucune donn\u00e9e personnelle. Il indique simplement l\u2019ID de la publication que vous venez de modifier. Il expire au bout d\u2019un jour.<\/p>\n\n\n\n<p><\/p>\n\n\n\n<h2 class=\"wp-block-heading\">Donn\u00e9es personnelles<\/h2>\n\n\n\n<p>Les donn\u00e9es personnelles font r\u00e9f\u00e9rence \u00e0 toute information qui vous identifie en tant que personne en particulier et les donn\u00e9es non personnelles d\u00e9signent toute information qui ne vous identifie pas en tant que personne en particulier. \u2028Sabine Bertrand respectera toujours la d\u00e9finition r\u00e9glementaire applicable pour d\u00e9terminer quelles donn\u00e9es sont personnelles et lesquelles ne le sont pas aux fins de la pr\u00e9sente politique de confidentialit\u00e9. Lorsque la pr\u00e9sente politique de confidentialit\u00e9 fait r\u00e9f\u00e9rence aux \u00ab donn\u00e9es \u00bb ou \u00e0 \u00ab vos donn\u00e9es \u00bb, celles-ci peuvent inclure des donn\u00e9es personnelles ainsi que des donn\u00e9es non personnelles. <strong>La pr\u00e9sente politique de confidentialit\u00e9 concerne uniquement les donn\u00e9es collect\u00e9es par notre site.<\/strong><\/p>\n\n\n\n<h2 class=\"wp-block-heading\">Donn\u00e9es recueillies<\/h2>\n\n\n\n<p>Les donn\u00e9es collect\u00e9es sur le site de MADEMACO sont utilis\u00e9es uniquement dans le cadre l\u00e9gal pr\u00e9vu en France pour le respect de la vie priv\u00e9e. MADEMACO est le seul destinataire des donn\u00e9es.\u2028<\/p>\n\n\n\n<p>Lors de l\u2019utilisation du site de MADEMACO les donn\u00e9es personnelles suivantes peuvent \u00eatre recueillies :<\/p>\n\n\n\n<ul class=\"wp-block-list\">\n<li>l\u2019URL des liens par l\u2019interm\u00e9diaire desquels vous avez acc\u00e9d\u00e9 \u00e0 notre site internet ;<\/li>\n\n\n\n<li>votre adresse IP.<\/li>\n<\/ul>\n\n\n\n<p>Ces donn\u00e9es sont utilis\u00e9es pour faciliter la navigation sur le site, permettre des mesures de fr\u00e9quentation du site et finaliser vos nos transactions lors de vos achats sur le site.<br>Lors de l\u2019<strong>envoi de messages depuis notre formulaire de contact<\/strong> :<\/p>\n\n\n\n<ul class=\"wp-block-list\">\n<li>nom et pr\u00e9nom ;<\/li>\n\n\n\n<li>adresse e-mail ;<\/li>\n\n\n\n<li>adresse postale ;<\/li>\n\n\n\n<li>num\u00e9ro de t\u00e9l\u00e9phone ;<\/li>\n\n\n\n<li>l\u2019objet de votre message ;<\/li>\n\n\n\n<li>votre message.<\/li>\n<\/ul>\n\n\n\n<p>Ces donn\u00e9es sont utilis\u00e9es uniquement pour vous r\u00e9pondre par e-mail suite \u00e0 votre prise de contact.<\/p>\n\n\n\n<h2 class=\"wp-block-heading\">Exercice de vos droits \u00e0 l&rsquo;\u00e9gard de vos donn\u00e9es personnelles<\/h2>\n\n\n\n<p>Vous disposez d\u2019un droit d\u2019acc\u00e8s, de modification, de rectification et de suppression concernant les donn\u00e9es collect\u00e9es sur ce site, dans les conditions pr\u00e9vues par l\u2019article 31 de la loi du 6 janvier 1978 modifi\u00e9e, relative \u00e0 l\u2019informatique, aux fichiers et aux libert\u00e9s, et celles pr\u00e9vues par le r\u00e8glement europ\u00e9en 2016\/679 du 27 avril 2016 (RGPD). Pour l\u2019exercer, vous pouvez nous contacter en \u00e9crivant \u00e0 Sabine Bertrand \u2013 sabine@madamecrea.fr<\/p>\n\n\n\n<h2 class=\"wp-block-heading\">CGV<\/h2>\n\n\n\n<p>Vous pouvez \u00e0 tout moment consulter nos Conditions g\u00e9n\u00e9rales de vente en demandant \u00e0 Sabine Bertrand \u2013 sabine@madamecrea.fr<\/p>\n\n\n\n<p><\/p>\n","protected":false},"excerpt":{"rendered":"<p>Qui sommes-nous&nbsp;? L\u2019adresse de notre site est&nbsp;: https:\/\/mademaco.com En vertu de l\u2019article 6 de la loi n\u00b0 2004-575 du 21 juin 2004 pour la confiance dans l\u2019\u00e9conomie num\u00e9rique, il est pr\u00e9cis\u00e9 aux utilisateurs du site de MADEMACO l\u2019identit\u00e9 des diff\u00e9rents intervenants dans le cadre de sa r\u00e9alisation et de son suivi : Images du site [&hellip;]<\/p>\n","protected":false},"author":1,"featured_media":0,"parent":0,"menu_order":0,"comment_status":"closed","ping_status":"open","template":"","meta":{"footnotes":""},"class_list":["post-3","page","type-page","status-publish","hentry"],"_links":{"self":[{"href":"https:\/\/mademaco.com\/index.php\/wp-json\/wp\/v2\/pages\/3","targetHints":{"allow":["GET"]}}],"collection":[{"href":"https:\/\/mademaco.com\/index.php\/wp-json\/wp\/v2\/pages"}],"about":[{"href":"https:\/\/mademaco.com\/index.php\/wp-json\/wp\/v2\/types\/page"}],"author":[{"embeddable":true,"href":"https:\/\/mademaco.com\/index.php\/wp-json\/wp\/v2\/users\/1"}],"replies":[{"embeddable":true,"href":"https:\/\/mademaco.com\/index.php\/wp-json\/wp\/v2\/comments?post=3"}],"version-history":[{"count":6,"href":"https:\/\/mademaco.com\/index.php\/wp-json\/wp\/v2\/pages\/3\/revisions"}],"predecessor-version":[{"id":370,"href":"https:\/\/mademaco.com\/index.php\/wp-json\/wp\/v2\/pages\/3\/revisions\/370"}],"wp:attachment":[{"href":"https:\/\/mademaco.com\/index.php\/wp-json\/wp\/v2\/media?parent=3"}],"curies":[{"name":"wp","href":"https:\/\/api.w.org\/{rel}","templated":true}]}}