{"id":384,"date":"2025-03-07T11:33:11","date_gmt":"2025-03-07T10:33:11","guid":{"rendered":"https:\/\/mademaco.com\/?page_id=384"},"modified":"2025-03-10T17:02:34","modified_gmt":"2025-03-10T16:02:34","slug":"qui-sommes-nous","status":"publish","type":"page","link":"https:\/\/mademaco.com\/index.php\/qui-sommes-nous\/","title":{"rendered":"Qui sommes-nous ?"},"content":{"rendered":"\t\t<div data-elementor-type=\"wp-page\" data-elementor-id=\"384\" class=\"elementor elementor-384\">\n\t\t\t\t<div class=\"elementor-element elementor-element-3da43a6 e-flex e-con-boxed e-con e-parent\" data-id=\"3da43a6\" data-element_type=\"container\" data-e-type=\"container\">\n\t\t\t\t\t<div class=\"e-con-inner\">\n\t\t\t\t<div class=\"elementor-element elementor-element-d6f5f7f elementor-widget elementor-widget-heading\" data-id=\"d6f5f7f\" data-element_type=\"widget\" data-e-type=\"widget\" data-widget_type=\"heading.default\">\n\t\t\t\t<div class=\"elementor-widget-container\">\n\t\t\t\t\t<h2 class=\"elementor-heading-title elementor-size-default\">Une m\u00e8re, une fille et deux (petits) enfants<\/h2>\t\t\t\t<\/div>\n\t\t\t\t<\/div>\n\t\t\t\t\t<\/div>\n\t\t\t\t<\/div>\n\t\t<div class=\"elementor-element elementor-element-d432d87 e-con-full e-flex e-con e-parent\" data-id=\"d432d87\" data-element_type=\"container\" data-e-type=\"container\">\n\t\t\t\t<div class=\"elementor-element elementor-element-5fc00c9 elementor-widget elementor-widget-text-editor\" data-id=\"5fc00c9\" data-element_type=\"widget\" data-e-type=\"widget\" data-widget_type=\"text-editor.default\">\n\t\t\t\t<div class=\"elementor-widget-container\">\n\t\t\t\t\t\t\t\t\t<p>Tout part d\u2019un diagnostic en octobre 2013. Mathis a alors 2 ans et demi, sa maman se lance pour mission de vie de FAIRE DE LA GESTION DU DIAB\u00c8TE UN JEU D\u2019ENFANT. Elle cr\u00e9e des outils et des jeux pour rendre les personnes qui gravitent autour de Mathis, acteurs et actrices de cette gestion. Chacun trouve une place, Mathis est soutenu et peut vivre sa vie de petit gar\u00e7on avec joie. En 2019, nouveau choc, c\u2019est au tour de son grand fr\u00e8re, Antonin d\u2019\u00eatre diagnostiqu\u00e9. Il f\u00eate alors ses 10 ans et se lance dans la gestion comme une continuit\u00e9 de ce qu\u2019il vit avec son petit fr\u00e8re depuis 6 ans. Aujourd\u2019hui, ce sont eux qui souhaitent FAIRE RIMER DIAB\u00c8TE AVEC F\u00caTE. Ils sont acteurs de cette gestion quotidienne et pro\u2000tent de toutes les occasions pour mettre du soleil dans ce quotidien riche de rencontres, d\u2019\u00e9preuves, de blagues et de second degr\u00e9 mais surtout d\u2019amour et de joie de vivre. Antonin et Mathis sont \u00e9galement les premiers testeurs de toutes les supers cr\u00e9ations.<\/p>\t\t\t\t\t\t\t\t<\/div>\n\t\t\t\t<\/div>\n\t\t\t\t<\/div>\n\t\t<div class=\"elementor-element elementor-element-ceff4fb e-grid e-con-full e-con e-parent\" data-id=\"ceff4fb\" data-element_type=\"container\" data-e-type=\"container\">\n\t\t\t\t<div class=\"elementor-element elementor-element-5106de6 elementor-widget elementor-widget-image\" data-id=\"5106de6\" data-element_type=\"widget\" data-e-type=\"widget\" data-widget_type=\"image.default\">\n\t\t\t\t<div class=\"elementor-widget-container\">\n\t\t\t\t\t\t\t\t\t\t\t\t\t\t\t<img fetchpriority=\"high\" decoding=\"async\" width=\"405\" height=\"406\" src=\"https:\/\/mademaco.com\/wp-content\/uploads\/2025\/03\/Mathis-et-Antonin-enfants-avec-tetines-diabetiques-de-Mademaco.jpg\" class=\"attachment-large size-large wp-image-381\" alt=\"Mathis et Antonin, enfants diab\u00e9tiques de Sabine Bertrand, designer de Mademaco\" srcset=\"https:\/\/mademaco.com\/wp-content\/uploads\/2025\/03\/Mathis-et-Antonin-enfants-avec-tetines-diabetiques-de-Mademaco.jpg 405w, https:\/\/mademaco.com\/wp-content\/uploads\/2025\/03\/Mathis-et-Antonin-enfants-avec-tetines-diabetiques-de-Mademaco-300x300.jpg 300w, https:\/\/mademaco.com\/wp-content\/uploads\/2025\/03\/Mathis-et-Antonin-enfants-avec-tetines-diabetiques-de-Mademaco-150x150.jpg 150w, https:\/\/mademaco.com\/wp-content\/uploads\/2025\/03\/Mathis-et-Antonin-enfants-avec-tetines-diabetiques-de-Mademaco-324x324.jpg 324w, https:\/\/mademaco.com\/wp-content\/uploads\/2025\/03\/Mathis-et-Antonin-enfants-avec-tetines-diabetiques-de-Mademaco-100x100.jpg 100w\" sizes=\"(max-width: 405px) 100vw, 405px\" \/>\t\t\t\t\t\t\t\t\t\t\t\t\t\t\t<\/div>\n\t\t\t\t<\/div>\n\t\t\t\t<div class=\"elementor-element elementor-element-d3e5db8 elementor-widget elementor-widget-image\" data-id=\"d3e5db8\" data-element_type=\"widget\" data-e-type=\"widget\" data-widget_type=\"image.default\">\n\t\t\t\t<div class=\"elementor-widget-container\">\n\t\t\t\t\t\t\t\t\t\t\t\t\t\t\t<img decoding=\"async\" width=\"800\" height=\"800\" src=\"https:\/\/mademaco.com\/wp-content\/uploads\/2025\/03\/Maco-couture-Mademaco.jpg\" class=\"attachment-large size-large wp-image-382\" alt=\"Rogyane Boucher, couturi\u00e8re de Mademaco\" srcset=\"https:\/\/mademaco.com\/wp-content\/uploads\/2025\/03\/Maco-couture-Mademaco.jpg 800w, https:\/\/mademaco.com\/wp-content\/uploads\/2025\/03\/Maco-couture-Mademaco-300x300.jpg 300w, https:\/\/mademaco.com\/wp-content\/uploads\/2025\/03\/Maco-couture-Mademaco-150x150.jpg 150w, https:\/\/mademaco.com\/wp-content\/uploads\/2025\/03\/Maco-couture-Mademaco-768x768.jpg 768w, https:\/\/mademaco.com\/wp-content\/uploads\/2025\/03\/Maco-couture-Mademaco-324x324.jpg 324w, https:\/\/mademaco.com\/wp-content\/uploads\/2025\/03\/Maco-couture-Mademaco-416x416.jpg 416w, https:\/\/mademaco.com\/wp-content\/uploads\/2025\/03\/Maco-couture-Mademaco-100x100.jpg 100w\" sizes=\"(max-width: 800px) 100vw, 800px\" \/>\t\t\t\t\t\t\t\t\t\t\t\t\t\t\t<\/div>\n\t\t\t\t<\/div>\n\t\t\t\t<div class=\"elementor-element elementor-element-f70f616 elementor-widget elementor-widget-image\" data-id=\"f70f616\" data-element_type=\"widget\" data-e-type=\"widget\" data-widget_type=\"image.default\">\n\t\t\t\t<div class=\"elementor-widget-container\">\n\t\t\t\t\t\t\t\t\t\t\t\t\t\t\t<img decoding=\"async\" width=\"800\" height=\"759\" src=\"https:\/\/mademaco.com\/wp-content\/uploads\/2025\/03\/Sabine-Maco-Mademaco.jpg\" class=\"attachment-large size-large wp-image-307\" alt=\"Sabine Bertrand, cr\u00e9atrice designer de Mademaco\" srcset=\"https:\/\/mademaco.com\/wp-content\/uploads\/2025\/03\/Sabine-Maco-Mademaco.jpg 800w, https:\/\/mademaco.com\/wp-content\/uploads\/2025\/03\/Sabine-Maco-Mademaco-300x285.jpg 300w, https:\/\/mademaco.com\/wp-content\/uploads\/2025\/03\/Sabine-Maco-Mademaco-768x729.jpg 768w, https:\/\/mademaco.com\/wp-content\/uploads\/2025\/03\/Sabine-Maco-Mademaco-416x395.jpg 416w\" sizes=\"(max-width: 800px) 100vw, 800px\" \/>\t\t\t\t\t\t\t\t\t\t\t\t\t\t\t<\/div>\n\t\t\t\t<\/div>\n\t\t\t\t<\/div>\n\t\t<div class=\"elementor-element elementor-element-80e78dd e-flex e-con-boxed e-con e-parent\" data-id=\"80e78dd\" data-element_type=\"container\" data-e-type=\"container\">\n\t\t\t\t\t<div class=\"e-con-inner\">\n\t\t\t\t<div class=\"elementor-element elementor-element-a3aaeb9 elementor-widget elementor-widget-text-editor\" data-id=\"a3aaeb9\" data-element_type=\"widget\" data-e-type=\"widget\" data-widget_type=\"text-editor.default\">\n\t\t\t\t<div class=\"elementor-widget-container\">\n\t\t\t\t\t\t\t\t\t<p>Vous avez des projets en t\u00eate et vous ne savez comment les r\u00e9aliser ? <\/p>\t\t\t\t\t\t\t\t<\/div>\n\t\t\t\t<\/div>\n\t\t\t\t\t<\/div>\n\t\t\t\t<\/div>\n\t\t<div class=\"elementor-element elementor-element-2cab999 e-flex e-con-boxed e-con e-parent\" data-id=\"2cab999\" data-element_type=\"container\" data-e-type=\"container\">\n\t\t\t\t\t<div class=\"e-con-inner\">\n\t\t\t\t<div class=\"elementor-element elementor-element-6b7d80f elementor-align-center elementor-widget elementor-widget-button\" data-id=\"6b7d80f\" data-element_type=\"widget\" data-e-type=\"widget\" data-widget_type=\"button.default\">\n\t\t\t\t<div class=\"elementor-widget-container\">\n\t\t\t\t\t\t\t\t\t<div class=\"elementor-button-wrapper\">\n\t\t\t\t\t<a class=\"elementor-button elementor-button-link elementor-size-sm\" href=\"https:\/\/mademaco.com\/index.php\/contacter-mademaco\/\">\n\t\t\t\t\t\t<span class=\"elementor-button-content-wrapper\">\n\t\t\t\t\t\t\t\t\t<span class=\"elementor-button-text\">Contactez Mademaco<\/span>\n\t\t\t\t\t<\/span>\n\t\t\t\t\t<\/a>\n\t\t\t\t<\/div>\n\t\t\t\t\t\t\t\t<\/div>\n\t\t\t\t<\/div>\n\t\t\t\t\t<\/div>\n\t\t\t\t<\/div>\n\t\t<div class=\"elementor-element elementor-element-1f1f216 e-flex e-con-boxed e-con e-parent\" data-id=\"1f1f216\" data-element_type=\"container\" data-e-type=\"container\">\n\t\t\t\t\t<div class=\"e-con-inner\">\n\t\t\t\t<div class=\"elementor-element elementor-element-b291a1e elementor-widget-divider--separator-type-pattern elementor-widget-divider--view-line elementor-widget elementor-widget-divider\" data-id=\"b291a1e\" data-element_type=\"widget\" data-e-type=\"widget\" data-widget_type=\"divider.default\">\n\t\t\t\t<div class=\"elementor-widget-container\">\n\t\t\t\t\t\t\t<div class=\"elementor-divider\" style=\"--divider-pattern-url: url(&quot;data:image\/svg+xml,%3Csvg xmlns=&#039;http:\/\/www.w3.org\/2000\/svg&#039; preserveAspectRatio=&#039;none&#039; overflow=&#039;visible&#039; height=&#039;100%&#039; viewBox=&#039;0 0 24 24&#039; fill=&#039;none&#039; stroke=&#039;black&#039; stroke-width=&#039;1&#039; stroke-linecap=&#039;square&#039; stroke-miterlimit=&#039;10&#039;%3E%3Cpath d=&#039;M0,21c3.3,0,8.3-0.9,15.7-7.1c6.6-5.4,4.4-9.3,2.4-10.3c-3.4-1.8-7.7,1.3-7.3,8.8C11.2,20,17.1,21,24,21&#039;\/%3E%3C\/svg%3E&quot;);\">\n\t\t\t<span class=\"elementor-divider-separator\">\n\t\t\t\t\t\t<\/span>\n\t\t<\/div>\n\t\t\t\t\t\t<\/div>\n\t\t\t\t<\/div>\n\t\t\t\t\t<\/div>\n\t\t\t\t<\/div>\n\t\t<div class=\"elementor-element elementor-element-716abc6 e-flex e-con-boxed e-con e-parent\" data-id=\"716abc6\" data-element_type=\"container\" data-e-type=\"container\">\n\t\t\t\t\t<div class=\"e-con-inner\">\n\t\t\t\t<div class=\"elementor-element elementor-element-b1d7e14 elementor-widget elementor-widget-heading\" data-id=\"b1d7e14\" data-element_type=\"widget\" data-e-type=\"widget\" data-widget_type=\"heading.default\">\n\t\t\t\t<div class=\"elementor-widget-container\">\n\t\t\t\t\t<h2 class=\"elementor-heading-title elementor-size-default\">Nous y \u00e9tions... nous y serons !<\/h2>\t\t\t\t<\/div>\n\t\t\t\t<\/div>\n\t\t\t\t\t<\/div>\n\t\t\t\t<\/div>\n\t\t<div class=\"elementor-element elementor-element-5afea4d e-grid e-con-boxed e-con e-parent\" data-id=\"5afea4d\" data-element_type=\"container\" data-e-type=\"container\">\n\t\t\t\t\t<div class=\"e-con-inner\">\n\t\t\t\t<div class=\"elementor-element elementor-element-79183a2 elementor-widget elementor-widget-image\" data-id=\"79183a2\" data-element_type=\"widget\" data-e-type=\"widget\" data-widget_type=\"image.default\">\n\t\t\t\t<div class=\"elementor-widget-container\">\n\t\t\t\t\t\t\t\t\t\t\t\t\t\t\t<img loading=\"lazy\" decoding=\"async\" width=\"800\" height=\"989\" src=\"https:\/\/mademaco.com\/wp-content\/uploads\/2025\/03\/Mademaco-Societe-francophone-du-diabete-2024.jpg\" class=\"attachment-large size-large wp-image-380\" alt=\"Mademaco au congr\u00e8s de la Soci\u00e9t\u00e9 francophone du diab\u00e8te 2024 avec son partenaire Homeperf\" srcset=\"https:\/\/mademaco.com\/wp-content\/uploads\/2025\/03\/Mademaco-Societe-francophone-du-diabete-2024.jpg 800w, https:\/\/mademaco.com\/wp-content\/uploads\/2025\/03\/Mademaco-Societe-francophone-du-diabete-2024-243x300.jpg 243w, https:\/\/mademaco.com\/wp-content\/uploads\/2025\/03\/Mademaco-Societe-francophone-du-diabete-2024-768x949.jpg 768w, https:\/\/mademaco.com\/wp-content\/uploads\/2025\/03\/Mademaco-Societe-francophone-du-diabete-2024-416x514.jpg 416w\" sizes=\"(max-width: 800px) 100vw, 800px\" \/>\t\t\t\t\t\t\t\t\t\t\t\t\t\t\t<\/div>\n\t\t\t\t<\/div>\n\t\t\t\t<div class=\"elementor-element elementor-element-041880f elementor-widget elementor-widget-image\" data-id=\"041880f\" data-element_type=\"widget\" data-e-type=\"widget\" data-widget_type=\"image.default\">\n\t\t\t\t<div class=\"elementor-widget-container\">\n\t\t\t\t\t\t\t\t\t\t\t\t\t\t\t<img loading=\"lazy\" decoding=\"async\" width=\"800\" height=\"989\" src=\"https:\/\/mademaco.com\/wp-content\/uploads\/2025\/03\/Societe-francophone-du-diabete-congres-mademaco.jpg\" class=\"attachment-large size-large wp-image-379\" alt=\"Mademaco au congr\u00e8s \u00e0 Toulouse de la Soci\u00e9t\u00e9 francophone du diab\u00e8te\" srcset=\"https:\/\/mademaco.com\/wp-content\/uploads\/2025\/03\/Societe-francophone-du-diabete-congres-mademaco.jpg 800w, https:\/\/mademaco.com\/wp-content\/uploads\/2025\/03\/Societe-francophone-du-diabete-congres-mademaco-243x300.jpg 243w, https:\/\/mademaco.com\/wp-content\/uploads\/2025\/03\/Societe-francophone-du-diabete-congres-mademaco-768x949.jpg 768w, https:\/\/mademaco.com\/wp-content\/uploads\/2025\/03\/Societe-francophone-du-diabete-congres-mademaco-416x514.jpg 416w\" sizes=\"(max-width: 800px) 100vw, 800px\" \/>\t\t\t\t\t\t\t\t\t\t\t\t\t\t\t<\/div>\n\t\t\t\t<\/div>\n\t\t\t\t<div class=\"elementor-element elementor-element-7377e9d elementor-widget elementor-widget-image\" data-id=\"7377e9d\" data-element_type=\"widget\" data-e-type=\"widget\" data-widget_type=\"image.default\">\n\t\t\t\t<div class=\"elementor-widget-container\">\n\t\t\t\t\t\t\t\t\t\t\t\t\t\t\t<img loading=\"lazy\" decoding=\"async\" width=\"595\" height=\"842\" src=\"https:\/\/mademaco.com\/wp-content\/uploads\/2025\/03\/CONGRES-SFD-2025-1.jpg\" class=\"attachment-large size-large wp-image-429\" alt=\"\" srcset=\"https:\/\/mademaco.com\/wp-content\/uploads\/2025\/03\/CONGRES-SFD-2025-1.jpg 595w, https:\/\/mademaco.com\/wp-content\/uploads\/2025\/03\/CONGRES-SFD-2025-1-212x300.jpg 212w, https:\/\/mademaco.com\/wp-content\/uploads\/2025\/03\/CONGRES-SFD-2025-1-416x589.jpg 416w\" sizes=\"(max-width: 595px) 100vw, 595px\" \/>\t\t\t\t\t\t\t\t\t\t\t\t\t\t\t<\/div>\n\t\t\t\t<\/div>\n\t\t\t\t\t<\/div>\n\t\t\t\t<\/div>\n\t\t\t\t<\/div>\n\t\t","protected":false},"excerpt":{"rendered":"<p>Une m\u00e8re, une fille et deux (petits) enfants Tout part d\u2019un diagnostic en octobre 2013. Mathis a alors 2 ans et demi, sa maman se lance pour mission de vie de FAIRE DE LA GESTION DU DIAB\u00c8TE UN JEU D\u2019ENFANT. Elle cr\u00e9e des outils et des jeux pour rendre les personnes qui gravitent autour de [&hellip;]<\/p>\n","protected":false},"author":3,"featured_media":0,"parent":0,"menu_order":0,"comment_status":"closed","ping_status":"closed","template":"","meta":{"footnotes":""},"class_list":["post-384","page","type-page","status-publish","hentry"],"_links":{"self":[{"href":"https:\/\/mademaco.com\/index.php\/wp-json\/wp\/v2\/pages\/384","targetHints":{"allow":["GET"]}}],"collection":[{"href":"https:\/\/mademaco.com\/index.php\/wp-json\/wp\/v2\/pages"}],"about":[{"href":"https:\/\/mademaco.com\/index.php\/wp-json\/wp\/v2\/types\/page"}],"author":[{"embeddable":true,"href":"https:\/\/mademaco.com\/index.php\/wp-json\/wp\/v2\/users\/3"}],"replies":[{"embeddable":true,"href":"https:\/\/mademaco.com\/index.php\/wp-json\/wp\/v2\/comments?post=384"}],"version-history":[{"count":20,"href":"https:\/\/mademaco.com\/index.php\/wp-json\/wp\/v2\/pages\/384\/revisions"}],"predecessor-version":[{"id":436,"href":"https:\/\/mademaco.com\/index.php\/wp-json\/wp\/v2\/pages\/384\/revisions\/436"}],"wp:attachment":[{"href":"https:\/\/mademaco.com\/index.php\/wp-json\/wp\/v2\/media?parent=384"}],"curies":[{"name":"wp","href":"https:\/\/api.w.org\/{rel}","templated":true}]}}