{"id":468,"date":"2026-03-12T11:13:01","date_gmt":"2026-03-12T10:13:01","guid":{"rendered":"https:\/\/mademaco.com\/?page_id=468"},"modified":"2026-03-12T11:40:47","modified_gmt":"2026-03-12T10:40:47","slug":"ressources-magiques","status":"publish","type":"page","link":"https:\/\/mademaco.com\/index.php\/ressources-magiques\/","title":{"rendered":"Ressources Magiques"},"content":{"rendered":"<div class=\"feedzy-22ba6536dd31a881621b18bd784e050d feedzy-rss\"><div class=\"rss_header\"><h2><a href=\"https:\/\/mamandesignerdunenfantdiabetique.com\/\" class=\"rss_title\" rel=\"noopener\">Maman Designer de 2 Ados Diab\u00e9tiques<\/a> <span class=\"rss_description\"> Je suis une MAMAN avec des comp\u00e9tences cr\u00e9atives ET une DESIGNER avec un c\u0153ur gros comme \u00e7a<\/span><\/h2><\/div><ul><li  style=\"padding: 15px 0 25px\" class=\"rss_item\"><div class=\"rss_image\" style=\"height:150px;width:150px;\"><a href=\"https:\/\/mamandesignerdunenfantdiabetique.com\/2026\/02\/12\/le-love-diabingo\/\" target=\"_blank\" rel=\" noopener\" title=\"LE LOVE DIABINGO\" style=\"height:150px;width:150px;\"><img decoding=\"async\" src=\"https:\/\/i0.wp.com\/mamandesignerdunenfantdiabetique.com\/wp-content\/uploads\/2026\/02\/LOVE-DIABINGO8.jpg?resize=1024%2C697&#038;ssl=1\" title=\"LE LOVE DIABINGO\" style=\"height:150px;width:150px;\"><\/a><\/div><span class=\"title\"><a href=\"https:\/\/mamandesignerdunenfantdiabetique.com\/2026\/02\/12\/le-love-diabingo\/\" target=\"_blank\" rel=\" noopener\">LE LOVE DIABINGO<\/a><\/span><div class=\"rss_content\" style=\"\"><small>par <a href=\"\/\/mamandesignerdunenfantdiabetique.com\" target=\"_blank\" title=\"mamandesignerdunenfantdiabetique.com\">Sabine<\/a> le 12 f\u00e9vrier 2026 <\/small><p>Voici le premier BINGO qui parle d'amour quand on parle diab\u00e8te au quotidien.\nParce que le parent est le premier dispositif m\u00e9dical dans la gestion d'une maladie chronique. Si ce dispositif est en burnout, tout le syst\u00e8me s'effondre.\nL\u2019article LE LOVE [&hellip;]<\/p><\/div><\/li><li  style=\"padding: 15px 0 25px\" class=\"rss_item\"><div class=\"rss_image\" style=\"height:150px;width:150px;\"><a href=\"https:\/\/mamandesignerdunenfantdiabetique.com\/2026\/01\/11\/cest-parti-pour-le-diabingo\/\" target=\"_blank\" rel=\" noopener\" title=\"C\u2019EST PARTI POUR LE DIABINGO !\" style=\"height:150px;width:150px;\"><img decoding=\"async\" src=\"https:\/\/i0.wp.com\/mamandesignerdunenfantdiabetique.com\/wp-content\/uploads\/2026\/01\/DIABINGO-2026.jpg?resize=1024%2C390&#038;ssl=1\" title=\"C\u2019EST PARTI POUR LE DIABINGO !\" style=\"height:150px;width:150px;\"><\/a><\/div><span class=\"title\"><a href=\"https:\/\/mamandesignerdunenfantdiabetique.com\/2026\/01\/11\/cest-parti-pour-le-diabingo\/\" target=\"_blank\" rel=\" noopener\">C\u2019EST PARTI POUR LE DIABINGO !<\/a><\/span><div class=\"rss_content\" style=\"\"><small>par <a href=\"\/\/mamandesignerdunenfantdiabetique.com\" target=\"_blank\" title=\"mamandesignerdunenfantdiabetique.com\">Sabine<\/a> le 11 janvier 2026 <\/small><p>Cette ann\u00e9e, dans notre gestion du diab\u00e8te, il y aura des capteurs, des calculs\u2026 et du jeu. Un bingo pour relativiser certaines situations, f\u00e9liciter les apprentissages, encourager les \u00e9volutions, et accepter que tout ne soit pas parfait.\nL\u2019article [&hellip;]<\/p><\/div><\/li><li  style=\"padding: 15px 0 25px\" class=\"rss_item\"><div class=\"rss_image\" style=\"height:150px;width:150px;\"><a href=\"https:\/\/mamandesignerdunenfantdiabetique.com\/2025\/12\/19\/ecole-et-diabete\/\" target=\"_blank\" rel=\" noopener\" title=\"\u00c9COLE ET DIAB\u00c8TE \u2013 VERSION BOUCLE\" style=\"height:150px;width:150px;\"><img decoding=\"async\" src=\"https:\/\/i0.wp.com\/mamandesignerdunenfantdiabetique.com\/wp-content\/uploads\/2025\/12\/COUV-ECOLE-DIABETE-MAJ-BOUCLE-2.png?resize=416%2C590&#038;ssl=1\" title=\"\u00c9COLE ET DIAB\u00c8TE \u2013 VERSION BOUCLE\" style=\"height:150px;width:150px;\"><\/a><\/div><span class=\"title\"><a href=\"https:\/\/mamandesignerdunenfantdiabetique.com\/2025\/12\/19\/ecole-et-diabete\/\" target=\"_blank\" rel=\" noopener\">\u00c9COLE ET DIAB\u00c8TE \u2013 VERSION BOUCLE<\/a><\/span><div class=\"rss_content\" style=\"\"><small>par <a href=\"\/\/mamandesignerdunenfantdiabetique.com\" target=\"_blank\" title=\"mamandesignerdunenfantdiabetique.com\">Sabine<\/a> le 19 d\u00e9cembre 2025 <\/small><p>Voici le livret \u00e9cole sp\u00e9cial boucle ferm\u00e9e avec un sch\u00e9ma mis \u00e0 jour lui aussi pour toujours mieux expliquer le diab\u00e8te \u00e0 l'\u00e9cole.\nL\u2019article \u00c9COLE ET DIAB\u00c8TE \u2013 VERSION BOUCLE est apparu en premier sur Maman Designer de 2 Ados Diab\u00e9tiques.<\/p><\/div><\/li><li  style=\"padding: 15px 0 25px\" class=\"rss_item\"><div class=\"rss_image\" style=\"height:150px;width:150px;\"><a href=\"https:\/\/mamandesignerdunenfantdiabetique.com\/2025\/03\/05\/en-route-pour-le-permis\/\" target=\"_blank\" rel=\" noopener\" title=\"EN ROUTE POUR LE PERMIS !\" style=\"height:150px;width:150px;\"><img decoding=\"async\" src=\"https:\/\/i0.wp.com\/mamandesignerdunenfantdiabetique.com\/wp-content\/uploads\/2025\/03\/IMG_5123-3.jpeg?resize=1024%2C1024&#038;ssl=1\" title=\"EN ROUTE POUR LE PERMIS !\" style=\"height:150px;width:150px;\"><\/a><\/div><span class=\"title\"><a href=\"https:\/\/mamandesignerdunenfantdiabetique.com\/2025\/03\/05\/en-route-pour-le-permis\/\" target=\"_blank\" rel=\" noopener\">EN ROUTE POUR LE PERMIS !<\/a><\/span><div class=\"rss_content\" style=\"\"><small>par <a href=\"\/\/mamandesignerdunenfantdiabetique.com\" target=\"_blank\" title=\"mamandesignerdunenfantdiabetique.com\">Sabine<\/a> le 5 mars 2025 <\/small><p>Une nouvelle aventure qui commence Nous voil\u00e0 lanc\u00e9s dans la grande aventure du permis en passant par la conduite accompagn\u00e9e.Je vous propose de partager ici toutes les \u00e9tapes que nous franchissons pas-\u00e0-pas pour vous donner une id\u00e9e de l\u2019ampleur du [&hellip;]<\/p><\/div><\/li><li  style=\"padding: 15px 0 25px\" class=\"rss_item\"><div class=\"rss_image\" style=\"height:150px;width:150px;\"><a href=\"https:\/\/mamandesignerdunenfantdiabetique.com\/2024\/04\/24\/une-carte-joker-a-degainer\/\" target=\"_blank\" rel=\" noopener\" title=\"UNE CARTE JOKER \u00c0 D\u00c9GAINER !\" style=\"height:150px;width:150px;\"><img decoding=\"async\" src=\"https:\/\/i0.wp.com\/mamandesignerdunenfantdiabetique.com\/wp-content\/uploads\/2024\/04\/WhatsApp-Image-2024-04-23-at-12.33.11.jpeg?resize=1024%2C1024&#038;ssl=1\" title=\"UNE CARTE JOKER \u00c0 D\u00c9GAINER !\" style=\"height:150px;width:150px;\"><\/a><\/div><span class=\"title\"><a href=\"https:\/\/mamandesignerdunenfantdiabetique.com\/2024\/04\/24\/une-carte-joker-a-degainer\/\" target=\"_blank\" rel=\" noopener\">UNE CARTE JOKER \u00c0 D\u00c9GAINER !<\/a><\/span><div class=\"rss_content\" style=\"\"><small>par <a href=\"\/\/mamandesignerdunenfantdiabetique.com\" target=\"_blank\" title=\"mamandesignerdunenfantdiabetique.com\">Sabine<\/a> le 24 avril 2024 <\/small><p>T'as fait ton bolus ? Ta glyc\u00e9mie est \u00e0 combien ? T'as rentr\u00e9 le code du capteur ? T'as fait un contr\u00f4le ? T'as chang\u00e9 ton cath\u00e9ter ? T'as fait ton injection ? T'as pris ta pochette ? Est-ce que tu as des bandelettes ? Tu t'es resucr\u00e9\u00b7e ?...et [&hellip;]<\/p><\/div><\/li><li  style=\"padding: 15px 0 25px\" class=\"rss_item\"><div class=\"rss_image\" style=\"height:150px;width:150px;\"><a href=\"https:\/\/mamandesignerdunenfantdiabetique.com\/2023\/10\/01\/2013-2023-10-ans-de-diabete\/\" target=\"_blank\" rel=\" noopener\" title=\"2013 \u2013 2023 : 10 ans de diab\u00e8te\" style=\"height:150px;width:150px;\"><img decoding=\"async\" src=\"https:\/\/i0.wp.com\/mamandesignerdunenfantdiabetique.com\/wp-content\/uploads\/2023\/10\/IMG_7158.jpeg?resize=1024%2C768&#038;ssl=1\" title=\"2013 \u2013 2023 : 10 ans de diab\u00e8te\" style=\"height:150px;width:150px;\"><\/a><\/div><span class=\"title\"><a href=\"https:\/\/mamandesignerdunenfantdiabetique.com\/2023\/10\/01\/2013-2023-10-ans-de-diabete\/\" target=\"_blank\" rel=\" noopener\">2013 \u2013 2023 : 10 ans de diab\u00e8te<\/a><\/span><div class=\"rss_content\" style=\"\"><small>par <a href=\"\/\/mamandesignerdunenfantdiabetique.com\" target=\"_blank\" title=\"mamandesignerdunenfantdiabetique.com\">Sabine<\/a> le 1 octobre 2023 <\/small><p>10 ans et beaucoup de belles rencontres et exp\u00e9riences durant ces \u00e9preuves.\nL\u2019article 2013 \u2013 2023 : 10 ans de diab\u00e8te est apparu en premier sur Maman Designer de 2 Ados Diab\u00e9tiques.<\/p><\/div><\/li><li  style=\"padding: 15px 0 25px\" class=\"rss_item\"><div class=\"rss_image\" style=\"height:150px;width:150px;\"><a href=\"https:\/\/mamandesignerdunenfantdiabetique.com\/2023\/03\/31\/mon-nouveau-livret-au-congres-sfd-2023\/\" target=\"_blank\" rel=\" noopener\" title=\"Mon nouveau livret au congr\u00e8s SFD \u2013 2023\" style=\"height:150px;width:150px;\"><img decoding=\"async\" src=\"https:\/\/i0.wp.com\/mamandesignerdunenfantdiabetique.com\/wp-content\/uploads\/2023\/03\/IMG_2002-1.jpeg?resize=877%2C1024&#038;ssl=1\" title=\"Mon nouveau livret au congr\u00e8s SFD \u2013 2023\" style=\"height:150px;width:150px;\"><\/a><\/div><span class=\"title\"><a href=\"https:\/\/mamandesignerdunenfantdiabetique.com\/2023\/03\/31\/mon-nouveau-livret-au-congres-sfd-2023\/\" target=\"_blank\" rel=\" noopener\">Mon nouveau livret au congr\u00e8s SFD \u2013 2023<\/a><\/span><div class=\"rss_content\" style=\"\"><small>par <a href=\"\/\/mamandesignerdunenfantdiabetique.com\" target=\"_blank\" title=\"mamandesignerdunenfantdiabetique.com\">Sabine<\/a> le 31 mars 2023 <\/small><p>L\u2019occasion de f\u00eater les 10 ans de diab\u00e8te de mon petit gars Me voil\u00e0 bien entour\u00e9e, avec Super Didou, Mini Didou, et mes nouveaux livrets \u00ab\u00a0Faire rimer diab\u00e8te avec f\u00eate, 10 ans d\u00e9j\u00e0 !\u00a0\u00bb Un livret pour faire de la gestion du diab\u00e8te un jeu [&hellip;]<\/p><\/div><\/li><li  style=\"padding: 15px 0 25px\" class=\"rss_item\"><div class=\"rss_image\" style=\"height:150px;width:150px;\"><a href=\"https:\/\/mamandesignerdunenfantdiabetique.com\/2021\/07\/13\/fiche-ecole\/\" target=\"_blank\" rel=\" noopener\" title=\"FICHE \u00c9COLE !\" style=\"height:150px;width:150px;\"><img decoding=\"async\" src=\"https:\/\/i2.wp.com\/mamandesignerdunenfantdiabetique.com\/wp-content\/uploads\/2021\/07\/BANDEAU-FICHE-LICORNE-DINO.jpg?fit=620%2C229&#038;ssl=1\" title=\"FICHE \u00c9COLE !\" style=\"height:150px;width:150px;\"><\/a><\/div><span class=\"title\"><a href=\"https:\/\/mamandesignerdunenfantdiabetique.com\/2021\/07\/13\/fiche-ecole\/\" target=\"_blank\" rel=\" noopener\">FICHE \u00c9COLE !<\/a><\/span><div class=\"rss_content\" style=\"\"><small>par <a href=\"\/\/mamandesignerdunenfantdiabetique.com\" target=\"_blank\" title=\"mamandesignerdunenfantdiabetique.com\">Sabine<\/a> le 13 juillet 2021 <\/small><p>Voil\u00e0 de quoi \u00e9gayer la prochaine rentr\u00e9e de vos petits et de ceux qui \u00e9criront sur ces fiches \ud83d\ude42\nJe vous laisse d\u00e9couvrir cette nouvelle version imagin\u00e9e avec une autre maman (coucou Lauriane \ud83d\ude42 )maintenant, vous pouvez avoir les glyc\u00e9mies et les [&hellip;]<\/p><\/div><\/li><li  style=\"padding: 15px 0 25px\" class=\"rss_item\"><div class=\"rss_image\" style=\"height:150px;width:150px;\"><a href=\"https:\/\/mamandesignerdunenfantdiabetique.com\/2020\/08\/24\/ecole-diabete\/\" target=\"_blank\" rel=\" noopener\" title=\"\u00c9COLE &amp; DIAB\u00c8TE\" style=\"height:150px;width:150px;\"><img decoding=\"async\" src=\"https:\/\/i0.wp.com\/mamandesignerdunenfantdiabetique.com\/wp-content\/uploads\/2020\/08\/ECOLE-DIABETE.jpg?resize=1024%2C768&#038;ssl=1\" title=\"\u00c9COLE &amp; DIAB\u00c8TE\" style=\"height:150px;width:150px;\"><\/a><\/div><span class=\"title\"><a href=\"https:\/\/mamandesignerdunenfantdiabetique.com\/2020\/08\/24\/ecole-diabete\/\" target=\"_blank\" rel=\" noopener\">\u00c9COLE &amp; DIAB\u00c8TE<\/a><\/span><div class=\"rss_content\" style=\"\"><small>par <a href=\"\/\/mamandesignerdunenfantdiabetique.com\" target=\"_blank\" title=\"mamandesignerdunenfantdiabetique.com\">Sabine<\/a> le 24 ao\u00fbt 2020 <\/small><p>Pas \u00e9vident de s\u00e9lectionner l'information essentielle pour expliquer \u00e0 l'\u00e9cole les rudiments du diab\u00e8te pour g\u00e9rer nos enfants...\nVoici donc le livret qui va vous permettre de donner l'information juste, sans trop en dire, sans surcharger, sans oublier [&hellip;]<\/p><\/div><\/li><li  style=\"padding: 15px 0 25px\" class=\"rss_item\"><div class=\"rss_image\" style=\"height:150px;width:150px;\"><a href=\"https:\/\/mamandesignerdunenfantdiabetique.com\/2020\/03\/07\/gerer-le-diabete-durant-le-voyage-scolaire\/\" target=\"_blank\" rel=\" noopener\" title=\"G\u00c9RER LE DIAB\u00c8TE DURANT LE VOYAGE SCOLAIRE\" style=\"height:150px;width:150px;\"><img decoding=\"async\" src=\"https:\/\/i0.wp.com\/mamandesignerdunenfantdiabetique.com\/wp-content\/uploads\/2020\/03\/OUTIL-VOYAGE-SCOLAIRE-OK.jpg?resize=1024%2C700&#038;ssl=1\" title=\"G\u00c9RER LE DIAB\u00c8TE DURANT LE VOYAGE SCOLAIRE\" style=\"height:150px;width:150px;\"><\/a><\/div><span class=\"title\"><a href=\"https:\/\/mamandesignerdunenfantdiabetique.com\/2020\/03\/07\/gerer-le-diabete-durant-le-voyage-scolaire\/\" target=\"_blank\" rel=\" noopener\">G\u00c9RER LE DIAB\u00c8TE DURANT LE VOYAGE SCOLAIRE<\/a><\/span><div class=\"rss_content\" style=\"\"><small>par <a href=\"\/\/mamandesignerdunenfantdiabetique.com\" target=\"_blank\" title=\"mamandesignerdunenfantdiabetique.com\">Sabine<\/a> le 7 mars 2020 <\/small><p>Voil\u00e0 maintenant plusieurs semaines que nous pr\u00e9parons le voyage scolaire de Mathis et Antonin. Ils partent tous les deux (les \u00e9l\u00e8ves du CE2 au CM2) pour 5 jours profiter du grand air \ud83d\ude42\nEn r\u00e9fl\u00e9chissant \u00e0 touuuuuuuut ce qu'il y aura \u00e0 g\u00e9rer, je me [&hellip;]<\/p><\/div><\/li><\/ul> <\/div><style type=\"text\/css\" media=\"all\">.feedzy-rss .rss_item .rss_image{float:left;position:relative;border:none;text-decoration:none;max-width:100%}.feedzy-rss .rss_item .rss_image span{display:inline-block;position:absolute;width:100%;height:100%;background-position:50%;background-size:cover}.feedzy-rss .rss_item .rss_image{margin:.3em 1em 0 0;content-visibility:auto}.feedzy-rss ul{list-style:none}.feedzy-rss ul li{display:inline-block}<\/style>\n\n\n\n<p><\/p>\n","protected":false},"excerpt":{"rendered":"","protected":false},"author":1,"featured_media":0,"parent":0,"menu_order":0,"comment_status":"closed","ping_status":"closed","template":"","meta":{"footnotes":""},"class_list":["post-468","page","type-page","status-publish","hentry"],"_links":{"self":[{"href":"https:\/\/mademaco.com\/index.php\/wp-json\/wp\/v2\/pages\/468","targetHints":{"allow":["GET"]}}],"collection":[{"href":"https:\/\/mademaco.com\/index.php\/wp-json\/wp\/v2\/pages"}],"about":[{"href":"https:\/\/mademaco.com\/index.php\/wp-json\/wp\/v2\/types\/page"}],"author":[{"embeddable":true,"href":"https:\/\/mademaco.com\/index.php\/wp-json\/wp\/v2\/users\/1"}],"replies":[{"embeddable":true,"href":"https:\/\/mademaco.com\/index.php\/wp-json\/wp\/v2\/comments?post=468"}],"version-history":[{"count":6,"href":"https:\/\/mademaco.com\/index.php\/wp-json\/wp\/v2\/pages\/468\/revisions"}],"predecessor-version":[{"id":490,"href":"https:\/\/mademaco.com\/index.php\/wp-json\/wp\/v2\/pages\/468\/revisions\/490"}],"wp:attachment":[{"href":"https:\/\/mademaco.com\/index.php\/wp-json\/wp\/v2\/media?parent=468"}],"curies":[{"name":"wp","href":"https:\/\/api.w.org\/{rel}","templated":true}]}}