{"id":8,"date":"2024-02-21T12:09:10","date_gmt":"2024-02-21T11:09:10","guid":{"rendered":"http:\/\/mademaco.com\/?page_id=8"},"modified":"2024-10-30T11:15:01","modified_gmt":"2024-10-30T10:15:01","slug":"a-propos","status":"publish","type":"page","link":"https:\/\/mademaco.com\/index.php\/a-propos\/","title":{"rendered":"\u00c0 propos"},"content":{"rendered":"<!--vcv no format--><!-- vcwb\/dynamicElementComment:316ed354 --><div class=\"vce-row-container\" data-vce-boxed-width=\"true\"><div class=\"vce-row vce-row--col-gap-30 vce-row-equal-height vce-row-content--top\" id=\"el-316ed354\" data-vce-do-apply=\"all el-316ed354\"><div class=\"vce-row-content\" data-vce-element-content=\"true\"><!-- vcwb\/dynamicElementComment:f578b9f9 --><div class=\"vce-col vce-col--md-auto vce-col--xs-1 vce-col--xs-last vce-col--xs-first vce-col--sm-last vce-col--sm-first vce-col--md-last vce-col--lg-last vce-col--xl-last vce-col--md-first vce-col--lg-first vce-col--xl-first\" id=\"el-f578b9f9\"><div class=\"vce-col-inner\" data-vce-do-apply=\"border margin background  el-f578b9f9\"><div class=\"vce-col-content\" data-vce-element-content=\"true\" data-vce-do-apply=\"padding el-f578b9f9\"><!-- vcwb\/dynamicElementComment:da6ca5d8 --><div class=\"vce-text-block\"><div class=\"vce-text-block-wrapper vce\" id=\"el-da6ca5d8\" data-vce-do-apply=\"all el-da6ca5d8\"><h2>Une m\u00e8re, une fille et deux (petits) enfants<\/h2>\n<p>Tout part d\u2019un diagnostic en octobre 2013. Mathis a alors 2 ans et demi, sa maman se lance pour mission de vie de FAIRE DE LA GESTION DU DIAB\u00c8TE UN JEU D\u2019ENFANT. Elle cr\u00e9e des outils et des jeux pour rendre les personnes qui gravitent autour de Mathis, acteurs et actrices de cette gestion. Chacun trouve une place, Mathis est soutenu et peut vivre sa vie de petit gar\u00e7on avec joie. En 2019, nouveau choc, c\u2019est au tour de son grand fr\u00e8re, Antonin d\u2019\u00eatre diagnostiqu\u00e9. Il f\u00eate alors ses 10 ans et se lance dans la gestion comme une continuit\u00e9 de ce qu\u2019il vit avec son petit fr\u00e8re depuis 6 ans. Aujourd\u2019hui, ce sont eux qui souhaitent FAIRE RIMER DIAB\u00c8TE AVEC F\u00caTE. Ils sont acteurs de cette gestion quotidienne et pro\u2000tent de toutes les occasions pour mettre du soleil dans ce quotidien riche de rencontres, d\u2019\u00e9preuves, de blagues et de second degr\u00e9 mais surtout d\u2019amour et de joie de vivre. Antonin et Mathis sont \u00e9galement les premiers testeurs de toutes les supers<\/p><\/div><\/div><!-- \/vcwb\/dynamicElementComment:da6ca5d8 --><\/div><\/div><\/div><!-- \/vcwb\/dynamicElementComment:f578b9f9 --><\/div><\/div><\/div><!-- \/vcwb\/dynamicElementComment:316ed354 --><!-- vcwb\/dynamicElementComment:2bb29e81 --><!-- \/vcwb\/dynamicElementComment:2bb29e81 --><!-- vcwb\/dynamicElementComment:f565bf40 --><!-- \/vcwb\/dynamicElementComment:f565bf40 --><!-- vcwb\/dynamicElementComment:4ff68c39 --><div class=\"vce-row-container\" data-vce-boxed-width=\"true\"><div class=\"vce-row vce-row--col-gap-30 vce-row-equal-height vce-row-content--top\" id=\"el-4ff68c39\" data-vce-do-apply=\"all el-4ff68c39\"><div class=\"vce-row-content\" data-vce-element-content=\"true\"><!-- vcwb\/dynamicElementComment:71df299d --><div class=\"vce-col vce-col--md-auto vce-col--xs-1 vce-col--xs-last vce-col--xs-first vce-col--sm-last vce-col--sm-first vce-col--md-first vce-col--lg-first vce-col--xl-first\" id=\"el-71df299d\"><div class=\"vce-col-inner\" data-vce-do-apply=\"border margin background  el-71df299d\"><div class=\"vce-col-content\" data-vce-element-content=\"true\" data-vce-do-apply=\"padding el-71df299d\"><!-- vcwb\/dynamicElementComment:968cac03 --><div class=\"vce-image-gallery vce-image-gallery--gap-10 vce-image-gallery--columns-3\"><div class=\"vce-image-gallery-wrapper vce\" id=\"el-968cac03\" data-vce-do-apply=\"all el-968cac03\"><div class=\"vce-image-gallery-list\"><div class=\"vce-image-gallery-item\"><figure class=\"vce-image-gallery-item-inner-wrapper\"><a href=\"|!|vcvUploadUrl|!|\/2024\/03\/Fichier-1@2x-1.png\" data-lightbox=\"lightbox-968cac03\" class=\"vce-image-gallery-item-inner\"><img decoding=\"async\" class=\"vce-image-gallery-img vce-image-gallery-img--orientation-portrait\" src=\"|!|vcvUploadUrl|!|\/2024\/03\/Fichier-1@2x-1.png\" alt=\"\" title=\"Fichier-1@2x-1\"><\/a><\/figure><\/div><\/div><\/div><\/div><!-- \/vcwb\/dynamicElementComment:968cac03 --><\/div><\/div><\/div><!-- \/vcwb\/dynamicElementComment:71df299d --><!-- vcwb\/dynamicElementComment:b17b3f2b --><div class=\"vce-col vce-col--md-auto vce-col--xs-1 vce-col--xs-last vce-col--xs-first vce-col--sm-last vce-col--sm-first\" id=\"el-b17b3f2b\"><div class=\"vce-col-inner\" data-vce-do-apply=\"border margin background  el-b17b3f2b\"><div class=\"vce-col-content\" data-vce-element-content=\"true\" data-vce-do-apply=\"padding el-b17b3f2b\"><!-- vcwb\/dynamicElementComment:8448ab3a --><div class=\"vce-image-gallery vce-image-gallery--gap-10 vce-image-gallery--columns-3\"><div class=\"vce-image-gallery-wrapper vce\" id=\"el-8448ab3a\" data-vce-do-apply=\"all el-8448ab3a\"><div class=\"vce-image-gallery-list\"><div class=\"vce-image-gallery-item\"><figure class=\"vce-image-gallery-item-inner-wrapper\"><a href=\"|!|vcvUploadUrl|!|\/2024\/03\/429454678_3982305231984069_2405246823933768889_n.jpg\" data-lightbox=\"lightbox-8448ab3a\" class=\"vce-image-gallery-item-inner\"><img decoding=\"async\" class=\"vce-image-gallery-img vce-image-gallery-img--orientation-portrait\" src=\"|!|vcvUploadUrl|!|\/2024\/03\/429454678_3982305231984069_2405246823933768889_n-461x1024.jpg\" alt=\"\" title=\"429454678_3982305231984069_2405246823933768889_n\"><\/a><\/figure><\/div><\/div><\/div><\/div><!-- \/vcwb\/dynamicElementComment:8448ab3a --><\/div><\/div><\/div><!-- \/vcwb\/dynamicElementComment:b17b3f2b --><!-- vcwb\/dynamicElementComment:3b878020 --><div class=\"vce-col vce-col--md-auto vce-col--xs-1 vce-col--xs-last vce-col--xs-first vce-col--sm-last vce-col--sm-first\" id=\"el-3b878020\"><div class=\"vce-col-inner\" data-vce-do-apply=\"border margin background  el-3b878020\"><div class=\"vce-col-content\" data-vce-element-content=\"true\" data-vce-do-apply=\"padding el-3b878020\"><!-- vcwb\/dynamicElementComment:b88b791e --><div class=\"vce-image-gallery vce-image-gallery--gap-10 vce-image-gallery--columns-3\"><div class=\"vce-image-gallery-wrapper vce\" id=\"el-b88b791e\" data-vce-do-apply=\"all el-b88b791e\"><div class=\"vce-image-gallery-list\"><div class=\"vce-image-gallery-item\"><figure class=\"vce-image-gallery-item-inner-wrapper\"><a href=\"|!|vcvUploadUrl|!|\/2024\/02\/IMG_8241-scaled.jpeg\" data-lightbox=\"lightbox-b88b791e\" class=\"vce-image-gallery-item-inner\"><img decoding=\"async\" class=\"vce-image-gallery-img vce-image-gallery-img--orientation-portrait\" src=\"|!|vcvUploadUrl|!|\/2024\/02\/IMG_8241-789x1024.jpeg\" alt=\"\" title=\"IMG_8241\"><\/a><\/figure><\/div><\/div><\/div><\/div><!-- \/vcwb\/dynamicElementComment:b88b791e --><\/div><\/div><\/div><!-- \/vcwb\/dynamicElementComment:3b878020 --><!-- vcwb\/dynamicElementComment:ff30e5e7 --><div class=\"vce-col vce-col--md-auto vce-col--xs-1 vce-col--xs-last vce-col--xs-first vce-col--sm-last vce-col--sm-first\" id=\"el-ff30e5e7\"><div class=\"vce-col-inner\" data-vce-do-apply=\"border margin background  el-ff30e5e7\"><div class=\"vce-col-content\" data-vce-element-content=\"true\" data-vce-do-apply=\"padding el-ff30e5e7\"><!-- vcwb\/dynamicElementComment:a3f8a6ff --><div class=\"vce-image-gallery vce-image-gallery--gap-10 vce-image-gallery--columns-3\"><div class=\"vce-image-gallery-wrapper vce\" id=\"el-a3f8a6ff\" data-vce-do-apply=\"all el-a3f8a6ff\"><div class=\"vce-image-gallery-list\"><div class=\"vce-image-gallery-item\"><figure class=\"vce-image-gallery-item-inner-wrapper\"><a href=\"|!|vcvUploadUrl|!|\/2024\/02\/IMG_5220-scaled.jpeg\" data-lightbox=\"lightbox-a3f8a6ff\" class=\"vce-image-gallery-item-inner\"><img decoding=\"async\" class=\"vce-image-gallery-img\" src=\"|!|vcvUploadUrl|!|\/2024\/02\/IMG_5220-1024x1024.jpeg\" alt=\"\" title=\"IMG_5220\"><\/a><\/figure><\/div><\/div><\/div><\/div><!-- \/vcwb\/dynamicElementComment:a3f8a6ff --><\/div><\/div><\/div><!-- \/vcwb\/dynamicElementComment:ff30e5e7 --><!-- vcwb\/dynamicElementComment:77528c19 --><div class=\"vce-col vce-col--md-auto vce-col--xs-1 vce-col--xs-last vce-col--xs-first vce-col--sm-last vce-col--sm-first vce-col--md-last vce-col--lg-last vce-col--xl-last\" id=\"el-77528c19\"><div class=\"vce-col-inner\" data-vce-do-apply=\"border margin background  el-77528c19\"><div class=\"vce-col-content\" data-vce-element-content=\"true\" data-vce-do-apply=\"padding el-77528c19\"><!-- vcwb\/dynamicElementComment:87762c89 --><div class=\"vce-image-gallery vce-image-gallery--gap-10 vce-image-gallery--columns-3\"><div class=\"vce-image-gallery-wrapper vce\" id=\"el-87762c89\" data-vce-do-apply=\"all el-87762c89\"><div class=\"vce-image-gallery-list\"><div class=\"vce-image-gallery-item\"><figure class=\"vce-image-gallery-item-inner-wrapper\"><a href=\"|!|vcvUploadUrl|!|\/2024\/10\/Fichier-3@2x.png\" data-lightbox=\"lightbox-87762c89\" class=\"vce-image-gallery-item-inner\"><img decoding=\"async\" class=\"vce-image-gallery-img vce-image-gallery-img--orientation-portrait\" src=\"|!|vcvUploadUrl|!|\/2024\/10\/Fichier-3@2x.png\" alt=\"\" title=\"Fichier 3@2x\"><\/a><\/figure><\/div><\/div><\/div><\/div><!-- \/vcwb\/dynamicElementComment:87762c89 --><\/div><\/div><\/div><!-- \/vcwb\/dynamicElementComment:77528c19 --><\/div><\/div><\/div><!-- \/vcwb\/dynamicElementComment:4ff68c39 --><!-- vcwb\/dynamicElementComment:0cd1aade --><div class=\"vce-row-container\" data-vce-boxed-width=\"true\"><div class=\"vce-row vce-row--col-gap-30 vce-row-equal-height vce-row-content--top\" id=\"el-0cd1aade\" data-vce-do-apply=\"all el-0cd1aade\"><div class=\"vce-content-background-container\"><\/div><div class=\"vce-row-content\" data-vce-element-content=\"true\"><!-- vcwb\/dynamicElementComment:18cc6295 --><div class=\"vce-col vce-col--md-auto vce-col--xs-1 vce-col--xs-last vce-col--xs-first vce-col--sm-last vce-col--sm-first vce-col--md-last vce-col--lg-last vce-col--xl-last vce-col--md-first vce-col--lg-first vce-col--xl-first\" id=\"el-18cc6295\"><div class=\"vce-col-inner\" data-vce-do-apply=\"border margin background  el-18cc6295\"><div class=\"vce-col-content\" data-vce-element-content=\"true\" data-vce-do-apply=\"padding el-18cc6295\"><!-- vcwb\/dynamicElementComment:87762c89 --><!-- \/vcwb\/dynamicElementComment:87762c89 --><div class=\"vcv-row-control-wrapper\"><\/div><\/div><\/div><\/div><!-- \/vcwb\/dynamicElementComment:18cc6295 --><\/div><\/div><\/div><!-- \/vcwb\/dynamicElementComment:0cd1aade --><!--vcv no format-->","protected":false},"excerpt":{"rendered":"<p>Une m\u00e8re, une fille et deux (petits) enfants Tout part d\u2019un diagnostic en octobre 2013. Mathis a alors 2 ans et demi, sa maman se lance pour mission de vie de FAIRE DE LA GESTION DU DIAB\u00c8TE UN JEU D\u2019ENFANT. Elle cr\u00e9e des outils et des jeux pour rendre les personnes qui gravitent autour de [&hellip;]<\/p>\n","protected":false},"author":1,"featured_media":0,"parent":0,"menu_order":0,"comment_status":"closed","ping_status":"closed","template":"","meta":{"footnotes":""},"class_list":["post-8","page","type-page","status-publish","hentry"],"_links":{"self":[{"href":"https:\/\/mademaco.com\/index.php\/wp-json\/wp\/v2\/pages\/8","targetHints":{"allow":["GET"]}}],"collection":[{"href":"https:\/\/mademaco.com\/index.php\/wp-json\/wp\/v2\/pages"}],"about":[{"href":"https:\/\/mademaco.com\/index.php\/wp-json\/wp\/v2\/types\/page"}],"author":[{"embeddable":true,"href":"https:\/\/mademaco.com\/index.php\/wp-json\/wp\/v2\/users\/1"}],"replies":[{"embeddable":true,"href":"https:\/\/mademaco.com\/index.php\/wp-json\/wp\/v2\/comments?post=8"}],"version-history":[{"count":4,"href":"https:\/\/mademaco.com\/index.php\/wp-json\/wp\/v2\/pages\/8\/revisions"}],"predecessor-version":[{"id":185,"href":"https:\/\/mademaco.com\/index.php\/wp-json\/wp\/v2\/pages\/8\/revisions\/185"}],"wp:attachment":[{"href":"https:\/\/mademaco.com\/index.php\/wp-json\/wp\/v2\/media?parent=8"}],"curies":[{"name":"wp","href":"https:\/\/api.w.org\/{rel}","templated":true}]}}