{"id":266,"date":"2025-03-06T11:47:30","date_gmt":"2025-03-06T10:47:30","guid":{"rendered":"https:\/\/mademaco.com\/?post_type=product&#038;p=266"},"modified":"2025-10-13T16:43:43","modified_gmt":"2025-10-13T14:43:43","slug":"ceinture-diabetique","status":"publish","type":"product","link":"https:\/\/mademaco.com\/index.php\/product\/ceinture-diabetique\/","title":{"rendered":"Ceinture Wabi-Sabi Enfant"},"content":{"rendered":"<p><b>Confectionn\u00e9e en France par une mamie doublement concern\u00e9e<br \/>\n<\/b>Cette ceinture est confectionn\u00e9e \u00e0 fa\u00e7on dans une petite ville du Nord de la France. Elle a \u00e9t\u00e9 imagin\u00e9e par Sabine, Maman Designer et est confectionn\u00e9e par Rogyane, Mamie Couturi\u00e8re.Cette ceinture Wabi-Sabi a, tout d\u2019abord, \u00e9t\u00e9 \u00e9prouv\u00e9e et approuv\u00e9e par Mathis et Antonin, les deux (petits) enfants de Sabine et Rogyane puis a \u00e9t\u00e9 adopt\u00e9e par des centaines et des centaines d&rsquo;enfants et adultes depuis sa cr\u00e9ation en 2017.<\/p>\n<p><b>Deux fa\u00e7ons de placer la pompe \u00e0 insuline dans la ceinture enfant<br \/>\n<\/b>\u2022 L\u2019enfant est autonome : la pompe peut se mettre avec l\u2019\u00e9cran vers le haut pour qu\u2019il puisse facilement lire sa glyc\u00e9mie ou sa courbe et les messages de la pompe \u00e0 insuline<br \/>\n\u2022 L\u2019enfant est encore petit et c\u2019est un adulte qui doit g\u00e9rer : la pompe peut \u00eatre plac\u00e9 dans la ceinture de telle sorte \u00e0 ce que la lecture soit de face. Cela permet \u00e9galement d\u2019envoyer les bolus avec plus de facilit\u00e9.<\/p>\n<p><b>La s\u00e9curit\u00e9 avant tout<br \/>\n<\/b>Il y a de chaque c\u00f4t\u00e9 de la fen\u00eatre des passages pour la tubulure, ce qui permet de s\u00e9curiser et de bien maintenir la pompe \u00e0 insuline dans sa pochette.<\/p>\n<p><b>4 pochettes pour une seule ceinture<br \/>\n<\/b>Tout autour de la ceinture, il y a diff\u00e9rentes sections qui permettent d\u2019ins\u00e9rer en plus de la pompe, des resucrages, et m\u00eame un lecteur de glyc\u00e9mie.<\/p>\n<p><b>A chacun sa taille<br \/>\n<\/b>La taille se choisit en mesurant le tour de taille au plus juste.<\/p>\n<p><b>De la couleur pour \u00e9gayer le quotidien<br \/>\n<\/b>M\u00eame si on parle ici de prot\u00e9ger un appareil m\u00e9dical, cette ceinture Wabi-Sabi se d\u00e9cline en plusieurs couleurs de quoi ravir les petits et les grands enfants.<\/p>\n<p><b>Un entretien sans prise de t\u00eate<br \/>\n<\/b>L&rsquo;entretien est simple :<br \/>\n&#8211; \u00e0 la main avec trempage et rin\u00e7age. S\u00e9chage \u00e0 l&rsquo;air libre<br \/>\n&#8211; en machine dans un filet avec votre lessive \u00e0 30\u00b0 et s\u00e9chage \u00e0 l&rsquo;air libre.<\/p>\n<p><b>Une seule chose que la ceinture n\u2019aime pas<br \/>\n<\/b>Son pire ennemi : le velcro. C&rsquo;est une pr\u00e9caution \u00e0 prendre.<\/p>\n<p><b>Pourquoi ce nom ?<br \/>\n<\/b>Sabine, tout comme Mathis et Antonin, sont passionn\u00e9s par le Japon. En 2023, ils sont partis \u00e0 l\u2019autre bout du monde pour prouver que le diab\u00e8te n\u2019\u00e9tait pas un frein pour exaucer leur r\u00eave de d\u00e9couvrir le pays du soleil levant. Le WABI fait r\u00e9f\u00e9rence \u00e0 la pl\u00e9nitude et la modestie que l&rsquo;on peut \u00e9prouver face aux ph\u00e9nom\u00e8nes naturels, et le SABI, la sensation face aux choses dans lesquelles on peut d\u00e9celer le travail du temps ou des hommes.( d\u00e9finition de Wikip\u00e9dia)<\/p>\n","protected":false},"excerpt":{"rendered":"<p>Confortable, solide, en lycra super extensible, elle prot\u00e8ge \u00e0 merveille les petits appareillages m\u00e9dicaux comme la pompe \u00e0 insuline et la fen\u00eatre permet une lecture rapide de l\u2019\u00e9cran.<\/p>\n","protected":false},"featured_media":442,"comment_status":"open","ping_status":"closed","template":"","meta":[],"product_brand":[],"product_cat":[20],"product_tag":[],"class_list":{"0":"post-266","1":"product","2":"type-product","3":"status-publish","4":"has-post-thumbnail","6":"product_cat-ceinture","8":"first","9":"instock","10":"shipping-taxable","11":"purchasable","12":"product-type-variable"},"_links":{"self":[{"href":"https:\/\/mademaco.com\/index.php\/wp-json\/wp\/v2\/product\/266","targetHints":{"allow":["GET"]}}],"collection":[{"href":"https:\/\/mademaco.com\/index.php\/wp-json\/wp\/v2\/product"}],"about":[{"href":"https:\/\/mademaco.com\/index.php\/wp-json\/wp\/v2\/types\/product"}],"replies":[{"embeddable":true,"href":"https:\/\/mademaco.com\/index.php\/wp-json\/wp\/v2\/comments?post=266"}],"version-history":[{"count":4,"href":"https:\/\/mademaco.com\/index.php\/wp-json\/wp\/v2\/product\/266\/revisions"}],"predecessor-version":[{"id":447,"href":"https:\/\/mademaco.com\/index.php\/wp-json\/wp\/v2\/product\/266\/revisions\/447"}],"wp:featuredmedia":[{"embeddable":true,"href":"https:\/\/mademaco.com\/index.php\/wp-json\/wp\/v2\/media\/442"}],"wp:attachment":[{"href":"https:\/\/mademaco.com\/index.php\/wp-json\/wp\/v2\/media?parent=266"}],"wp:term":[{"taxonomy":"product_brand","embeddable":true,"href":"https:\/\/mademaco.com\/index.php\/wp-json\/wp\/v2\/product_brand?post=266"},{"taxonomy":"product_cat","embeddable":true,"href":"https:\/\/mademaco.com\/index.php\/wp-json\/wp\/v2\/product_cat?post=266"},{"taxonomy":"product_tag","embeddable":true,"href":"https:\/\/mademaco.com\/index.php\/wp-json\/wp\/v2\/product_tag?post=266"}],"curies":[{"name":"wp","href":"https:\/\/api.w.org\/{rel}","templated":true}]}}